{"id":907,"date":"2017-05-27T18:49:12","date_gmt":"2017-05-27T17:49:12","guid":{"rendered":"http:\/\/acager.org\/?page_id=907"},"modified":"2017-06-07T06:04:10","modified_gmt":"2017-06-07T05:04:10","slug":"master-pro-gager","status":"publish","type":"page","link":"http:\/\/acager.org\/en\/master-pro-gager\/","title":{"rendered":"Master Pro GAGER (Geomatics, Planning and Resource Management)"},"content":{"rendered":"<p style=\"text-align: justify;\">In partnership with the University Agency of La Francophonie, the University of Ngaound\u00e9r\u00e9, Faculty of Arts, Letters, and Humanities (FALSH) launches a call for applications for its training <strong>Professional Master (M2) in Geomatics, Planning and Resource Management<\/strong>.<\/p>\n<p style=\"text-align: justify;\"><a href=\"http:\/\/acager.org\/index.php\/description-de-la-formation\/\">Description of the training<\/a><\/p>\n<p style=\"text-align: justify;\"><a href=\"http:\/\/acager.org\/index.php\/conditions-de-candidature\/\">Conditions of application<\/a><\/p>\n<p style=\"text-align: justify;\"><a href=\"http:\/\/acager.org\/index.php\/programme-et-contenu\/\">Program and content<\/a><\/p>\n<p style=\"text-align: justify;\"><a href=\"https:\/\/foad.refer.org\/candidature\/candidature.php?id_session=987\">Application form<\/a><\/p>\n<p style=\"text-align: justify;\"><a href=\"https:\/\/foad.refer.org\/candidature\/\">Edit my application<\/a><\/p>","protected":false},"excerpt":{"rendered":"<p>En partenariat avec l\u2019Agence universitaire de la Francophonie, l\u2019Universit\u00e9 de Ngaound\u00e9r\u00e9, Facult\u00e9 des Arts, Lettres, et Sciences Humaines (FALSH) lance un appel \u00e0 candidatures pour sa formation Master professionnel (M2) en G\u00e9omatique, Am\u00e9nagement et Gestion des Ressources. Description de la formation Conditions de candidature Programme et contenu Formulaire de candidature Modifier ma candidature<\/p>","protected":false},"author":2,"featured_media":0,"parent":0,"menu_order":0,"comment_status":"closed","ping_status":"closed","template":"","meta":{"_et_pb_use_builder":"","_et_pb_old_content":"","_et_gb_content_width":""},"_links":{"self":[{"href":"http:\/\/acager.org\/en\/wp-json\/wp\/v2\/pages\/907"}],"collection":[{"href":"http:\/\/acager.org\/en\/wp-json\/wp\/v2\/pages"}],"about":[{"href":"http:\/\/acager.org\/en\/wp-json\/wp\/v2\/types\/page"}],"author":[{"embeddable":true,"href":"http:\/\/acager.org\/en\/wp-json\/wp\/v2\/users\/2"}],"replies":[{"embeddable":true,"href":"http:\/\/acager.org\/en\/wp-json\/wp\/v2\/comments?post=907"}],"version-history":[{"count":4,"href":"http:\/\/acager.org\/en\/wp-json\/wp\/v2\/pages\/907\/revisions"}],"predecessor-version":[{"id":922,"href":"http:\/\/acager.org\/en\/wp-json\/wp\/v2\/pages\/907\/revisions\/922"}],"wp:attachment":[{"href":"http:\/\/acager.org\/en\/wp-json\/wp\/v2\/media?parent=907"}],"curies":[{"name":"wp","href":"https:\/\/api.w.org\/{rel}","templated":true}]}}