{"id":1013,"date":"2018-01-07T10:57:24","date_gmt":"2018-01-07T09:57:24","guid":{"rendered":"http:\/\/acager.org\/?page_id=1013"},"modified":"2018-01-07T12:37:20","modified_gmt":"2018-01-07T11:37:20","slug":"rigager-numero-2-resumes-des-articles","status":"publish","type":"page","link":"https:\/\/acager.org\/en\/rigager-numero-2-resumes-des-articles\/","title":{"rendered":"IJGPRM Second issue - Abstracts of the articles"},"content":{"rendered":"<h3 style=\"text-align: justify;\"><\/h3>\n<h3 style=\"text-align: justify;\">Abstracts titles<\/h3>\n<ul>\n<li style=\"text-align: justify;\"><em><a href=\"#_ftn1\">The forest sector in the Congo basin, scientific challenges and opportunities for assessing carbon sequestration capacity<\/a><\/em><\/li>\n<li style=\"text-align: justify;\"><em><a href=\"#_ftn2\">The woodlands in the margin of the Congo Basin: what place in REDD +? <\/a><\/em><\/li>\n<li style=\"text-align: justify;\"><em><a href=\"#_ftn3\">Assessing farmers\u2019 interest in Agroforestry practices around the Mount Cameroon National park (MCNP) in Cameroon<\/a><\/em><\/li>\n<li style=\"text-align: justify;\"><em><a href=\"#_ftn4\">Participatory management of resources and reduction of woody degradation in the forest reserves of Zamay and Mayo-Louti (Far-North, Cameroon)<\/a><\/em><\/li>\n<li style=\"text-align: justify;\"><em><a href=\"#_ftn5\">Stakeholder agrarian signatures responses on the hilly flanks of Mount Oku, North West Region of Cameroon<\/a><\/em><\/li>\n<li style=\"text-align: justify;\"><em><a href=\"#_ftn6\">Socio-economic and ecological implications of Eucalyptus expansion in the Western Highlands of Cameroon: The case of Koutaba<\/a><\/em><\/li>\n<li style=\"text-align: justify;\"><em><a href=\"#_ftn7\">Education, populations and historical evolution of the carbon sequestration process in the Congo basin<\/a><\/em><\/li>\n<li style=\"text-align: justify;\"><em><a href=\"#_ftn8\">Agroforestry : a wood energy supply potential of villages bordering the Kahuzi Biega National Park in the Democratic Republic of Congo<\/a><\/em><\/li>\n<li style=\"text-align: justify;\"><em><a href=\"#_ftn9\">The environment at the ban of urban dynamics in Sub saharian Africa<\/a><\/em><\/li>\n<li style=\"text-align: justify;\"><em><a href=\"#_ftn10\">Urban sprawl and expansion of industrial plantations. The forests of the Wouri\u2019 estuary in the middle<\/a><\/em><\/li>\n<\/ul>\n<h3 style=\"text-align: justify;\">Abstracts<\/h3>\n<p id=\"_ftn1\" style=\"text-align: justify;\"><strong id=\"_ftn1\">The forest sector in the Congo basin, scientific challenges and opportunities for assessing <\/strong><strong id=\"_ftn1\">carbon sequestration capacity<\/strong><\/p>\n<p style=\"text-align: justify;\"><em><strong>Neree Onguene Awala (1),\u00a0J. T. Mbogne (2),\u00a0E. Banfield (3),\u00a0M. Apps (4),\u00a0P. D. Khasa (5)<\/strong><\/em><br \/>\n1) Institute of agricultural research for development (IRAD), B.P. 2123 Yaound\u00e9, Cameroon<br \/>\n2) Universit\u00e9 de Yaound\u00e9 I, d\u00e9partement de Physiologie et de Biologie V\u00e9g\u00e9tale<br \/>\n3) Natural Resources Canada, Canadian Forest Service, Edmonton, Alberta, Canada,<br \/>\nT6H 4Z4<br \/>\n4) Centre d\u2019\u00e9tude de la For\u00eat, Universit\u00e9 Laval, Qu\u00e9bec, Canada, G1K 7P4<\/p>\n<p style=\"text-align: justify;\"><strong>Abstract.<\/strong> For four decades, the problem of increasing atmospheric carbon dioxide and trend in climate rising has become a global concern. Consequently, numerous initiatives have been taken since the years 1980s in order to reduce anthropogenic emissions of greenhouse gases which are CO2, CH4, and N2O\u2026 A long literature study based upon many discussions on experts in the field was undertaken to establish whether at the dawn of the 21st century, the carbon budget of the forestry sector of Congo basin was a sink or a source of CO2 emissions. In general, two approaches are used to account for carbon fluxes and stocks of a sector or an ecosystem: data collection from the field and biomass destruction and an indirect method based on mathematical models using allometric equations. Moreover, the carbon budget of a sector or an ecosystem requires many data obtained with several tools like forest inventories, growth and annual wood yields, volumes of exported forest wood and mono, or specific, regional or pantropical allometric equations. After nearly 8000 years, after the last glaciations, forests of the Congo basin cover today a surface area of 4048378 sq\u00b2 (about 227 millions of hectares). They have accumulated carbon in nearly 40% in forests, 15% in forestry concessions, 11% in protected areas and 11% in agricultural farms. During the period 1990 to 2000, carbon stocks were reduced by deforestation and forest degradation to 0.17% and 0.09, respectively, resulting in 47000 sq\u00b2 lost of forest cover, suggesting that the carbon budget of the forestry sector of the Congo basin is an important sink and a large reservoir of 15% of world carbon. However, less than 10 allometric equations have been developed for three forest cover types for Cameroun, Gabon and Democratic republic of Congo. All the same, available data do not allow modeling of regional carbon fluxes and stocks according to Marrakech Accords (2001). This requires first of all starting and actualizing forest inventories in the six regional countries as well to promote training in carbon science and geomatics.<br \/>\n<strong>Keywords :<\/strong>\u00a0Carbon budget \u2013 Allometric equations \u2013 CO2 \u2013 Climate change<\/p>\n<p style=\"text-align: justify;\">================================================================<\/p>\n<p id=\"_ftn2\" style=\"text-align: justify;\"><strong id=\"_ftn2\">The woodlands in the margin of the Congo Basin: what place in REDD +? <\/strong><\/p>\n<p style=\"text-align: justify;\"><strong><em>Robert Christian Anaba Manib (1)<\/em><\/strong><br \/>\n1) Universit\u00e9 de Ngaound\u00e9r\u00e9, Laboratoire de g\u00e9omatique<\/p>\n<p style=\"text-align: justify;\"><strong>Abstract.<\/strong> Tropical forests are seen placed at the center of attention of the international community for combating and attenuation climate change effects. Thus, REDD + promoted in 2010, following REDD (2008) as consistent response aims enhancement of forest carbon stocks in developing countries through the reduction of emissions by deforestation and forest degradation. Since then, several REDD + have been established in countries of the Congo Basin, and rainforests are the heart, leaving reflected a neglect of other vegetation types, including wooded. This discussion attempts to identify possible place woodland margins of the Congo Basin in REDD +. Project analysis reports made in the context of REDD + in Central Africa, literature on this mechanism, as well as the exploitation of woks in savannas allow us to say that the importance of woodland in the margins of Congo Basin is recognized, but little interest to them is still granted.<br \/>\n<strong>Keywords :<\/strong>\u00a0REDD+, woodlands, climate change, marginal forest, savannas, the Congo basin.<\/p>\n<p style=\"text-align: justify;\">===============================================================<\/p>\n<p style=\"text-align: justify;\"><strong id=\"_ftn3\">Assessing farmers\u2019 interest in Agroforestry practices around the Mount Cameroon National park (MCNP) in Cameroon<\/strong><\/p>\n<p style=\"text-align: justify;\"><strong><em>Yolande Ndjuala Njongue\u00a0(1), Marie Louise Avana Tientcheu (2), Eric Fotsing (3), Patrick Muderhwa Mutabesha (4)<\/em><\/strong><br \/>\n1) University of Dschang, Faculty of Agronomy and agricultural sciences (FASA)<br \/>\n2) University of Dschang, Faculty of Agronomy and agricultural sciences (FASA)<br \/>\n3) University of Dschang, The University Institute of Technology Fotso Victor of Bandjoun<br \/>\n4) University of Kinshasa, Faculty of Agronomic Sciences<\/p>\n<p style=\"text-align: justify;\"><strong>Abstract.<\/strong> The purpose of this study was to assess farmer\u2019s interest for Agroforestry practices around Mount Cameroon National Park (MCNP). In the study zone, beneficial activities such as fuel wood collection, timber swaying, beekeeping, NTFP gathering, hunting etc. have been deprived of the people due to the change in status of the Mountain into a national park with restricted access. A way out could be to intensify the already existing traditional practices carried out by the farmers around the MCNP. This study aimed at providing the information on the different agroforestry practices around MCNP, and farmer\u2019s constraints and motivations for managing their agroforestry systems. This study was conducted in 8 villages of the four cluster zones round the park (two villages per cluster). Data were collected by using a structured questionnaire, focus group discussions, and direct field observations. The formal and informal interviews were conducted with 190 households \u2018heads randomly selected. Descriptive statistics (percentages) were used to show the representation of each agro forestry practice around the park, a multinomial logistic regression analysis was used to determine the factor which explains the choice of a farmers practice and percentages were used to express the percentage of farmers and the constraints they faced in practicing agroforestry. The results showed that the agroforestry practices around the MCNP are heterogeneous and included Cocoa agro forests (39.625%), Trees on cropland (32.625%), Life fences (61.25%), Coffee agro forests (4%), Home gardens (21.875%), Windbreaks (3.75%) and Bee farming (3.75%). The dominant farming practices include cocoa, trees on cropland and palm plantations. A logistic regression model shows a statistically significant variation on the probability of having a system type in a cluster. (Chi square=147.72, df =3, sig=0.000) since the p value 0.00&lt;0.05. The multinomial regression indicated that the determining factor which explains the difference in practices around the park is the agro ecological condition of the cluster zone that influence the performance of the main crops for each practice rather though farmers are aware of the income generating nature or the revenue diversification sources of the system. The major constraints for the promotion of the existing agroforestry practices include lack of tree seedlings for planting (78%) and lack of technical assistance for improved management of associated species. As a result, a more detailed study on the products and services provided by these practices has to be done in other to clearly assess the contribution of the traditional Agroforestry practices in meeting farmer\u2019s needs.<br \/>\n<strong>Keywords :<\/strong>\u00a0Agroforestry technologies, MCNP cluster zones, motivations, constraints.<\/p>\n<p style=\"text-align: justify;\">===============================================================<\/p>\n<p style=\"text-align: justify;\"><strong id=\"_ftn4\">Participatory management of resources and reduction of woody degradation in the forest reserves of Zamay and Mayo-Louti (Far-North, Cameroon)<\/strong><\/p>\n<p style=\"text-align: justify;\"><strong><em>Abel T\u00e9w\u00e9ch\u00e9\u00a0(1),\u00a0Michel Tchotsoua (2)<\/em><\/strong><br \/>\n1) Universit\u00e9 de Maroua, Ecole Normale Sup\u00e9rieure<br \/>\n2) Universit\u00e9 de Ngaound\u00e9r\u00e9, Laboratoire de G\u00e9omatique<\/p>\n<p style=\"text-align: justify;\"><strong>Abstract.<\/strong> Forest reserves in Central Africa in general and Cameroon in particular constitute reservoirs for the conservation of biodiversity. Today, these woodlands are under pressure due to anthropogenic activities and the effects of climate change. In the Mandara Mountains, the regressive dynamics of timber are attributable to agropastoral activities and especially to institutional failures in the management of protected areas. This results in both spatial and biological degradation. The purpose of this contribution is to characterize the process of degradation of the woods in the forest reserves of Zamay and Mayo-Louti; Analyze the texts in force relating to forest reserves; Examine the bottom-up approach to participatory resource management. The methodology consisted of exploiting the topographical maps of 1965; To make surveys of current boundaries as well as plots for a diachronic study of the spatial dynamics of the reserves studied. Also, botanical surveys were carried out inside the plots of 900 m\u00b2. The results show that the area of \u200b\u200bthe Zamay Forest Reserve has increased from 1000 ha in 1965 to 596 ha in 2014, that of Mayo-Louti: 3500 ha in 1965 and 3144 ha in 2014. This study suggests that in addition to Co-management of resources, local populations assisted by NGOs and the State create agroforestry parks, maintain and maintain existing ones in order to protect the wood resources of protected areas on a sustainable basis.<br \/>\n<strong>Keywords :<\/strong>\u00a0Participatory management, Degradation, Forest reserves, Protected areas, Far-North.<\/p>\n<p style=\"text-align: justify;\">===============================================================<\/p>\n<p style=\"text-align: justify;\"><strong id=\"_ftn5\">Stakeholder agrarian signatures responses on the hilly flanks of Mount Oku, North West Region of Cameroon<\/strong><\/p>\n<p style=\"text-align: justify;\"><strong><em>Zephania Nji Fogwe (1)<\/em><\/strong><br \/>\n1) The University of Bamenda, Department of Geography and Planning<\/p>\n<p style=\"text-align: justify;\"><strong>Abstract.<\/strong> Topographic variations play central stage in subsistence crop cultivation in regions typified by steep slopes. This study examines varying traits of a topographic landscape as constraints to crop cultivation. Focus is laid on how mountain slope inhabitants have gained indigenous knowledge so that they have impacted terrain variation in a bid to increase output and improve their livelihoods. Using primary and secondary sources through descriptive and inferential statistical techniques, data obtained reveal that the intensity of crop cultivation in the Belo area of the Kom Uplands is slope gradient dependent. Topographic variation becomes the main cause of variation in crop types with rice cultivated at low altitude zones; Irish Potatoes in the mid and higher altitudes, meanwhile maize is throughout the area with variable cropping systems. Cognizant that erosion and inaccessibility are prime constraints to crop cultivation affected stakeholders farmers have resorted to internal (mechanical erosion control strategies and the acceptance of agricultural innovations) and external (through the creation of hollow frontiers in and out of the area) measures as hallmarks in their agricultural and rural development of a difficult topographic terrain.<br \/>\n<strong>Keywords :<\/strong>\u00a0Adaptation, cropping, farmers, slopes, topography, Oku<\/p>\n<p style=\"text-align: justify;\">===============================================================<\/p>\n<p style=\"text-align: justify;\"><strong id=\"_ftn6\">Socio-economic and ecological implications of Eucalyptus expansion in the Western Highlands of Cameroon: The case of Koutaba<\/strong><\/p>\n<p style=\"text-align: justify;\"><strong><em>Joseph Youta Happi\u00a0(1)<\/em><\/strong><br \/>\n1) Universit\u00e9 de Yaound\u00e9 1, D\u00e9partement de G\u00e9ographie<\/p>\n<p style=\"text-align: justify;\"><strong>Abstract.<\/strong> In Cameroon, the western highlands are densely populated. Average rural densities vary between 200 and more than 500 inhabitants\/km\u00b2. In this region where natural forests are small, the populations have found the establishment of the genus <em>Eucalyptus<\/em> a palliative to the lack of wood. Afforestation encroaches on savannas and grazing areas, but provides timber and firewood. The study highlights the consequences of these afforestations on the land use and the purchasing power of the populations. Analyzes of survey data, botanical surveys and image processing reveal that reforestation projects initiated in the last 40 years have established 82 ha of<em>Eucalyptus saligna<\/em> in Koutaba. This gives a positive evolution of the afforestation rate of 4%.<br \/>\n<strong>Keywords :<\/strong>\u00a0Afforestation, <em>Eucalyptus<\/em>, forest, savanna, Koutaba.<\/p>\n<p style=\"text-align: justify;\">===============================================================<\/p>\n<p style=\"text-align: justify;\"><strong id=\"_ftn7\">Education, populations and historical evolution of the carbon sequestration process in the Congo basin<\/strong><\/p>\n<p style=\"text-align: justify;\"><strong><em>Martin Mbengu\u00e9 Nguim\u00e8\u00a0(1), Florence Anisette Bitanda (2)<\/em><\/strong><br \/>\n1) Universit\u00e9 de Ngaound\u00e9r\u00e9, D\u00e9partement d\u2019Histoire et Centre africain de partage du savoir<br \/>\n2) Universit\u00e9 de Ngaound\u00e9r\u00e9, D\u00e9partement d\u2019Histoire et Centre africain de partage du savoir<\/p>\n<p style=\"text-align: justify;\"><strong>Abstract.<\/strong> Anthropogenic activity in and around the Congo basin poses the problems of reduced vegetation cover and the long-term growth of the greenhouse effect and, as a result, challenges people around the world. As a result, the researcher who is sensitive to the depletion of carbon reserves questions, for example, the historical responsibility of subjects educated in the reduction of plants and the growth of the influence of the greenhouse effect in and at the margin of the Congo basin. Here, the answer to this main concern is based on the synthesis of writings, observations and field interviews. It is a page of the social and ecological history, the history of the climate or the environment essential to the control of the climatic evolution of the world starting from the Congo basin and, in particular, of the capacity of this space to sequester carbon in the era of Africanity and European preponderance in Africa. Focusing on educational policies of excessive deforestation of tropical and equatorial West Africa, the social uses of forest tree species in the Congolese square of Africa and educational policies of forest rescue for the purpose of carbon sequestration, it is a contribution to historiography at a time when climate change and its effects are fueling debates around the world.<br \/>\n<strong>Keywords :<\/strong> Congo zone in Africa, deforestation oriented education, climatic change, dangers to marking; development of the forest pedagogy.<\/p>\n<p style=\"text-align: justify;\">===============================================================<\/p>\n<p style=\"text-align: justify;\"><strong id=\"_ftn8\">Agroforestry : a wood energy supply potential of villages bordering the Kahuzi Biega National Park in the Democratic Republic of Congo<\/strong><\/p>\n<p style=\"text-align: justify;\"><strong><em>Patrick Muderhwa Mutabesha\u00a0(1), Martin Tchamba Ngankam (2), Claude Kachaka Sudi (2), Yolande Ndjuala Njongue (2), Radar Nishuli (3)<\/em><\/strong><br \/>\n1) Universit\u00e9 de Kinshasa, Facult\u00e9 des sciences agronomiques, RDC<br \/>\n2) Universit\u00e9 de Dschang, Facult\u00e9 d&rsquo;Agronomie et des sciences agricoles, Cameroun<br \/>\n3) Institut Congolais de la Conservation de la Nature, ICCN, RDC<\/p>\n<p style=\"text-align: justify;\"><strong>Abstract.<\/strong> In the deforestation and degradation context, agroforestry is increasingly considered in the tropical zones for its potential contribution to provide fuel wood, consequently biodiversity conservation. This biodiversity is threatened by local populations in search of fuel wood. This study had as aim to find out the tree diversity and the potential of traditionnal agroforestry practices around the Kahuzi Biega National Park in Democratic Republic of Congo, as tool of biodiversity conservation. Near of 80 plots were selected after focus group, according to owner availability, agroforestry practices types, the size of plots and tree diversity. Study were driven between may and august 2016. Results shows that fourteen species belonging to 14 monospecific families were surveyed in these traditional agroforestry practices. Significant differences (p&lt;0,01) were noted between species mean number per village (F=39.039, dl=3). Common species for all villages were composed of <em>Grevillea robusta, Eucalyptus sp, Mangifera indica, Persea americana, Maesopsis eminii <\/em>and <em>Cupressus lusitanica<\/em> when differential species, were <em>Citrus sp, Erythrina abyssinica, Polyscias fulva, Pinus patula, Cedrela serrulata, Markhamia lutea<\/em> and <em>Ficus glumosa<\/em>Among the enumerate species, 42,85% are indigenious in the region, notably <em>Podocarpus usambarensis<\/em>, <em>Ficus glumosa<\/em>, <em>Polyscias fulva<\/em>, <em>Markhamia lutea<\/em>, <em>Erythrina abyssinica<\/em>, <em>Maesopsis eminii<\/em>Results of this study, given a potential, approximatively, of 600kg\/ha of charcoal, which could give on sale additionnal income near to 100$US\/ha. This confirm that traditionnal agroforestry systems could be seen as a possible approach which contribute to reduce poverty, improve food security and to soustainable management of forests.<br \/>\n<strong>Keywords :<\/strong> Agroforestry, Fuelwood, Riparian village, Kahuzi Biega National Parc, Biodiversity, DR Congo.<\/p>\n<p style=\"text-align: justify;\">===============================================================<\/p>\n<p style=\"text-align: justify;\"><strong id=\"_ftn9\">The environment at the ban of urban dynamics in Sub saharian Africa<\/strong><\/p>\n<p style=\"text-align: justify;\"><strong><em>Alphonse Yapi-Diahou\u00a0(1),\u00a0Oumou Kouyate\u00a0(2),\u00a0Gilbert Assi Yassi\u00a0(3)<\/em><\/strong><br \/>\n1) Professeur, Universit\u00e9 Paris 8, France<br \/>\n2) Enseignant-Chercheur, Universit\u00e9 Alassane Ouattara, Bouak\u00e9, C\u00f4te d\u2019Ivoire<br \/>\n3) Ma\u00eetre-assistant, ENS Abidjan, C\u00f4te d\u2019Ivoire<\/p>\n<p style=\"text-align: justify;\"><strong>Abstract.<\/strong> Controlling both urbanization and urban growth is a concern depending on whether you are in the North or the South. This contribution analyzes the environmental effects of the dynamics of urbanization and the urban pressure which rages in most of the African contexts south of the Sahara. Using specific examples of shantytowns, agricultural activities, soil and subsoil resource extraction, we show the differences between speeches concerned with the environmental and practices of public authorities. The resulting consequences for the equilibrium of the urban system have been analyzed. The analysis relies mainly on the mobilization of bibliographic materials. We present some examples of sites invested by the population in the form of residential neighborhoods, economic activities or mixed neighborhoods.<br \/>\n<strong>Keywords :<\/strong> Sub-Saharan Africa, environment, urbanization, urban growth, precarious settlements.<\/p>\n<p style=\"text-align: justify;\">===============================================================<\/p>\n<p style=\"text-align: justify;\"><strong id=\"_ftn10\">Urban sprawl and expansion of industrial plantations. The forests of the Wouri\u2019 estuary in the middle<\/strong><\/p>\n<p style=\"text-align: justify;\"><strong><em>Aristide Yemafouo\u00a0(1),\u00a0Rom\u00e9o Keumo Songong (1),\u00a0Chr\u00e9tien Ngouanet (2), Guy Charly Dzalla Ngangue<\/em><\/strong><br \/>\n1) Universit\u00e9 de Dschang, D\u00e9partement de G\u00e9ographie<br \/>\n2) MINRESI, Institut National de Cartographie<br \/>\n3) Universit\u00e9 de Douala, D\u00e9partement de G\u00e9ographie<\/p>\n<p style=\"text-align: justify;\"><strong>Abstract.<\/strong> Urbanization and agricultural activities are the main factors of forest degradation in the Congo Basin. The case of the Douala basin where is located the first metropolis in the CEMAC zone is proposed in this study. In the 1960s the Wouri estuary was still dominated by a dense and partially flooded coastal forest. After just a half of a century, it is host to the largest urban agglomeration in Central Africa. The development of Douala is leading to the important changes in land use patterns. The mobilization of satellite imagery has enabled an analysis of these changes to understand the implications on both the degradation of forest and derived urban forms. In 1975, the city had already consumed about 3000 ha of vegetation, 9 052 ha in 1986, then 13429 ha in 2001 and finally 18129 ha in 2016. With an annual rate of population growth around 5%, the anthropization of the Wouri estuary follow three interlinked stages: the littoral forest is firstly degraded through actions of deforestation, then agricultural practices, and finally the urban development operations. The specific mangrove forest equally passes through deforestation before being urbanized while swampy areas evolve into embankments before welcoming the people. The complete disappearance of the natural landscape trend is confirmed and invite decision-makers to refocus development operations on sustainable objectives.<br \/>\n<strong>Keywords :\u00a0<\/strong> <em>Urban sprawl, Industrial plantations, Forests, Degradation, Douala, Cameroon.<\/em>.<\/p>","protected":false},"excerpt":{"rendered":"<p>Titres\u00a0des r\u00e9sum\u00e9s Le secteur forestier du bassin du Congo, enjeux et opportunit\u00e9s scientifiques pour l\u2019\u00e9valuation de la capacit\u00e9 de s\u00e9questration du carbone Les formations bois\u00e9es en marge du bassin du Congo : quelle place dans la REDD+ ? \u00c9valuation de l&rsquo;int\u00e9r\u00eat des agriculteurs pour les pratiques agroforesti\u00e8res autour du parc national du Mont-Cameroun (MCNP) au [&hellip;]<\/p>","protected":false},"author":2,"featured_media":0,"parent":0,"menu_order":0,"comment_status":"closed","ping_status":"closed","template":"","meta":{"_et_pb_use_builder":"","_et_pb_old_content":"","_et_gb_content_width":""},"_links":{"self":[{"href":"https:\/\/acager.org\/en\/wp-json\/wp\/v2\/pages\/1013"}],"collection":[{"href":"https:\/\/acager.org\/en\/wp-json\/wp\/v2\/pages"}],"about":[{"href":"https:\/\/acager.org\/en\/wp-json\/wp\/v2\/types\/page"}],"author":[{"embeddable":true,"href":"https:\/\/acager.org\/en\/wp-json\/wp\/v2\/users\/2"}],"replies":[{"embeddable":true,"href":"https:\/\/acager.org\/en\/wp-json\/wp\/v2\/comments?post=1013"}],"version-history":[{"count":6,"href":"https:\/\/acager.org\/en\/wp-json\/wp\/v2\/pages\/1013\/revisions"}],"predecessor-version":[{"id":1025,"href":"https:\/\/acager.org\/en\/wp-json\/wp\/v2\/pages\/1013\/revisions\/1025"}],"wp:attachment":[{"href":"https:\/\/acager.org\/en\/wp-json\/wp\/v2\/media?parent=1013"}],"curies":[{"name":"wp","href":"https:\/\/api.w.org\/{rel}","templated":true}]}}