{"id":1419,"date":"2019-05-12T10:06:23","date_gmt":"2019-05-12T09:06:23","guid":{"rendered":"http:\/\/acager.org\/?page_id=1419"},"modified":"2019-09-19T17:00:07","modified_gmt":"2019-09-19T16:00:07","slug":"atlas-de-la-resilience-et-dadaptation-aux-effets-du-changement-climatique-a-ngaoundere","status":"publish","type":"page","link":"https:\/\/acager.org\/en\/atlas-de-la-resilience-et-dadaptation-aux-effets-du-changement-climatique-a-ngaoundere\/","title":{"rendered":"The Atlas of Climate Change Effects Resilience and Adaptation in Ngaound\u00e9r\u00e9"},"content":{"rendered":"<p style=\"text-align: justify;\">Ngaound\u00e9r\u00e9 faces the risks of flooding and erosion which increase in proportion to its anarchic\nurbanization (Tchotsoua &amp; Bonvallot, 1999). The flood-prone areas susceptible to landslides of rock\nboulders and water erosion are partly squatted by the populations who build houses made of temporary\nmaterials. Abundant rainfall (between 1,300 and 1,500 mm), concentrated during the rainy season,\naccelerates flooding and erosion on the hillsides.<\/p>\n<p style=\"text-align: justify;\">Given its location near the Sahel, the town of Ngaound\u00e9r\u00e9 is thus very exposed to the climate change which affect human and natural systems in many ways, disrupting food and water supply, destroying infrastructure,  flooding  homes,  changing  infectious  disease  vectors,  eroding  livelihoods,  and decreasing economic opportunities, especially in agriculture (The World Bank Group, 2019).<\/p>\n<p style=\"text-align: justify;\">The success of efforts to overcome these effects of climate change is often linked to collaboration among stakeholders in exploiting risk information to take meaningful action. It is in this context that the Open City project in Africa is taking place, of which Ngaound\u00e9r\u00e9 is one of the pilot towns.<\/p>\n<p style=\"text-align: justify;\" class=\"translation-block\">One of the flagship products of the project is the production of the <strong>cartographic Atlas for the resilience and the adaptation to these natural phenomenon<\/strong> more and more exacerbated by the man.<\/p>\n<p style=\"text-align: justify;\">Resilience and adaptation are two interrelated responses to the various impacts of climate change on people,  communities,  ecosystems,  infrastructure,  as  well  as  the  economy,  industry  and  businesses. Resilience is the amount or size of impacts that a sector can withstand before undergoing a complete transformation. Climate change adaptation refers to any activity that reduces the negative effects of climate change or that takes advantage of new opportunities arising from climate change.<\/p>\n<p style=\"text-align: justify;\">The atlas, in soft and hard copies, in French and English, presents the geographical, human and socio-economic frameworks before characterizing and analyzing the flood and geomorphological risks in the neighborhoods.  Each  analysis  is accompanied  by  recommendations  previously  discussed  with  the populations of each neighborhood.<\/p>\n<p style=\"text-align: justify;\"><a href=\"http:\/\/acager.org\/wp-content\/uploads\/2019\/09\/Presentation_OCA_Ngaoundere_Webex_meeting_05082019_ok.pdf\">Learn more about the project<\/a><\/p>\n<p style=\"text-align: justify;\"><a href=\"http:\/\/acager.org\/wp-content\/uploads\/2019\/09\/Prototype_Atlas_Ngaoundere_v17_10052019.pdf\">Download the Atlas<\/a><\/p>","protected":false},"excerpt":{"rendered":"<p>Ngaound\u00e9r\u00e9 fait face aux risques d\u2019inondation et d\u2019\u00e9rosion qui augmentent proportionnellement \u00e0 son urbanisation anarchique (Tchotsoua &amp; Bonvallot, 1999). Les zones inondables et susceptibles d\u2019\u00e9boulements de blocs rocheux, d\u2019\u00e9rosion hydrique sont, en partie, squatt\u00e9ris\u00e9es par les populations qui y construisent des maisons en mat\u00e9riaux\u00a0 provisoires. Une pluviom\u00e9trie abondante (entre 1 300 et 1 500 mm), [&hellip;]<\/p>","protected":false},"author":1,"featured_media":0,"parent":0,"menu_order":0,"comment_status":"closed","ping_status":"closed","template":"","meta":{"_et_pb_use_builder":"","_et_pb_old_content":"","_et_gb_content_width":""},"_links":{"self":[{"href":"https:\/\/acager.org\/en\/wp-json\/wp\/v2\/pages\/1419"}],"collection":[{"href":"https:\/\/acager.org\/en\/wp-json\/wp\/v2\/pages"}],"about":[{"href":"https:\/\/acager.org\/en\/wp-json\/wp\/v2\/types\/page"}],"author":[{"embeddable":true,"href":"https:\/\/acager.org\/en\/wp-json\/wp\/v2\/users\/1"}],"replies":[{"embeddable":true,"href":"https:\/\/acager.org\/en\/wp-json\/wp\/v2\/comments?post=1419"}],"version-history":[{"count":6,"href":"https:\/\/acager.org\/en\/wp-json\/wp\/v2\/pages\/1419\/revisions"}],"predecessor-version":[{"id":1497,"href":"https:\/\/acager.org\/en\/wp-json\/wp\/v2\/pages\/1419\/revisions\/1497"}],"wp:attachment":[{"href":"https:\/\/acager.org\/en\/wp-json\/wp\/v2\/media?parent=1419"}],"curies":[{"name":"wp","href":"https:\/\/api.w.org\/{rel}","templated":true}]}}