{"id":1462,"date":"2019-09-12T03:48:27","date_gmt":"2019-09-12T02:48:27","guid":{"rendered":"http:\/\/acager.org\/?page_id=1462"},"modified":"2019-09-18T18:34:22","modified_gmt":"2019-09-18T17:34:22","slug":"rigager-numero-5-introduction","status":"publish","type":"page","link":"https:\/\/acager.org\/en\/rigager-numero-5-introduction\/","title":{"rendered":"IJGPRM - Introduction to the fifth issue"},"content":{"rendered":"<p style=\"text-align: justify;\">The 05 volume of <strong>IJGPRM<\/strong> brings together 06 contributions focused on Geomatics, natural resources and the development of the intertropical world. Geomatics taught and practiced must be able to address the vital problems of our society by avoiding the silos and prejudices that make it so difficult to transform the enormous expertise that this science and technology offers in the field of the environment, spatial planning and digital cartography, in the power of development of the intertropical world.<\/p>\n<p style=\"text-align: justify;\">This part of the African continent has recorded its strongest economic growth in twenty years. The latter is mainly due to strong global demand for commodities and increased investment in these sectors. The exploitation and trade of raw materials is the main source of foreign exchange and tax revenue for many countries in the intertropical zone.<\/p>\n<p style=\"text-align: justify;\">Most recent studies show that urbanization, the exploitation of mineral resources, agriculture, livestock farming, land clearance or reserve of fauna and vegetation tend to degrade the environment, the economic fabric, the social cohesion and the political institutions of tropical countries. Paradoxically, the exploitation of the riches of the soil and subsoil is therefore associated with the misery of local populations and poor governance, as was exposed Terry Lynn Karl in his book <em>The Paradox of Plenty<a href=\"#_ftn1\" name=\"_ftnref1\"><strong>[1]<\/strong><\/a><\/em>.<\/p>\n<p style=\"text-align: justify;\">These observations refer to now classic debates around the thesis of the curse of natural resources and enclave effects, which are renewed by the introduction of \"new\" regulations, most of which date back to the period growth in commodity prices in the early 2000s or the 2008 crisis.<\/p>\n<p style=\"text-align: justify;\">In this fifth issue of <strong>IJGPRM<\/strong>, the authors ask the question of the curse, better, the exploitation of raw materials. Countries that derive a high income from the exploitation of natural resources often see the majority of their population sinking into poverty and precariousness.<a href=\"#_ftn2\" name=\"_ftnref2\">[2]<\/a>.<\/p>\n<p style=\"text-align: justify;\">With regard to the risk of conflict, various studies have concluded that the tensions surrounding the capture and distribution of rent increase political instability and the risk of armed conflict.<\/p>\n<p style=\"text-align: justify;\" class=\"translation-block\">Thus, <strong>Anaba<\/strong> et al., From a diachronic analysis of the types of land use in the upper Bini watershed, reveal that the increase of the population and its needs in energy and nutrition, the exponential urbanization of Ngaound\u00e9r\u00e9, the asphalting of the Ngaound\u00e9r\u00e9-Touboro-Moundou road, agriculture and livestock farming are the main factors of the degradation of bioclimatic resources in the forest-savanna contact environment. <strong>Adoum Forteye<\/strong> et al. analyze the modes of access and control of natural resources and their consequences on the coexistence of communities in the Lake Chad Province of Chad. <strong>Yamingue Betinimbaye<\/strong> et al., Looking at the water resources at Sahr in Chad and Ngaound\u00e9r\u00e9 in Cameroon, show that volunteering for the free supply of water, carried by patrons and wealthy, is part of a logic proximity management, is an important factor in the generalization of access to water. <strong>Mvu Njoya Marie<\/strong> et al., notes that the landscape of the northern periphery of the Mbam and Djerem National Park (PNMD) is under pressure from a galloping population in search of well-being. Faced with all these multifarious crises, which were predictable, <strong>Bikie Mindang Dani\u00e8le<\/strong> makes an inventory of the Forest Teaching and Research of the National School of Water and Forests of Mbalmayo. It notes that, for years, this forest has been under anthropic pressure from the neighbouring populations. It comes out with a landscape restoration plan that provides plots of reforestation with plant species (bamboo, rattan), forest species, but also agroforestry for the purpose of popularization at local, regional, national and intertropical scale.<\/p>\n<p style=\"text-align: justify;\">This is what delivers the fifth issue of <strong>IJGPRM<\/strong>.<\/p>\n<p>By :\u00a0<strong>Michel TCHOTSOUA<\/strong><br \/>\n<em>Editor-in-chief<\/em><\/p>\n<p><a href=\"#_ftnref1\" name=\"_ftn1\">[1]<\/a> Karl T.L., 1997.\u00a0<em>The Paradox of Plenty: Oil Booms and Petro-States<\/em>, Berkeley, University of California Press, 342 p.<\/p>\n<p><a href=\"#_ftnref2\" name=\"_ftn2\">[2]<\/a> Auty R. (ed.), 2001.\u00a0<em>Resource Abundance and Economic Development<\/em>, Oxford, Oxford University Press.<\/p>","protected":false},"excerpt":{"rendered":"<p>Le volume 05 de RIGAGER regroupe 06 contributions centr\u00e9es sur la G\u00e9omatique, les ressources naturelles et le d\u00e9veloppement du monde intertropical. Il faut que la g\u00e9omatique enseign\u00e9e et pratiqu\u00e9e soit \u00e0 m\u00eame d\u2019aborder les probl\u00e8mes vitaux de notre soci\u00e9t\u00e9 en \u00e9vitant les cloisonnements et les pr\u00e9jug\u00e9s qui font que l\u2019on a tant de mal \u00e0 [&hellip;]<\/p>","protected":false},"author":1,"featured_media":0,"parent":0,"menu_order":0,"comment_status":"closed","ping_status":"closed","template":"","meta":{"_et_pb_use_builder":"","_et_pb_old_content":"","_et_gb_content_width":""},"_links":{"self":[{"href":"https:\/\/acager.org\/en\/wp-json\/wp\/v2\/pages\/1462"}],"collection":[{"href":"https:\/\/acager.org\/en\/wp-json\/wp\/v2\/pages"}],"about":[{"href":"https:\/\/acager.org\/en\/wp-json\/wp\/v2\/types\/page"}],"author":[{"embeddable":true,"href":"https:\/\/acager.org\/en\/wp-json\/wp\/v2\/users\/1"}],"replies":[{"embeddable":true,"href":"https:\/\/acager.org\/en\/wp-json\/wp\/v2\/comments?post=1462"}],"version-history":[{"count":3,"href":"https:\/\/acager.org\/en\/wp-json\/wp\/v2\/pages\/1462\/revisions"}],"predecessor-version":[{"id":1484,"href":"https:\/\/acager.org\/en\/wp-json\/wp\/v2\/pages\/1462\/revisions\/1484"}],"wp:attachment":[{"href":"https:\/\/acager.org\/en\/wp-json\/wp\/v2\/media?parent=1462"}],"curies":[{"name":"wp","href":"https:\/\/api.w.org\/{rel}","templated":true}]}}