{"id":1520,"date":"2019-12-27T02:20:45","date_gmt":"2019-12-27T01:20:45","guid":{"rendered":"http:\/\/acager.org\/?page_id=1520"},"modified":"2019-12-27T05:21:48","modified_gmt":"2019-12-27T04:21:48","slug":"rigager-contenu-du-sixieme-numero-janvier-2020","status":"publish","type":"page","link":"https:\/\/acager.org\/en\/rigager-contenu-du-sixieme-numero-janvier-2020\/","title":{"rendered":"RIGAGER : Contenu du sixi\u00e8me num\u00e9ro &#8211; Janvier 2020"},"content":{"rendered":"<p><strong>NDAO Rama. <\/strong>Contribution of Geographic Information Systems to the management of programs of Concerted Management Zones.<\/p>\n\n\n\n<p><strong>TCHUEMBOU TALOM Boris, ETOUNA Joachim. <\/strong>Detection of parking pressure zones in the city of Yaound\u00e9 : a GIS approach and field surveys.<\/p>\n\n\n\n<p><strong>NDJEUTO TCHOULI Prosper Innocent, BATCHANOU KAMTCHOUM P\u00e9guy, MOHAMADOU Arabo, TCHOTSOUA Michel. <\/strong>Geomatic and Mapping of Decentralized Territorial Communities (DTC) in Cameroon. The case study of the Tign\u00e8re municipality (Adamawa Region)<\/p>\n\n\n\n<p><b><strong>B\u00c9TINBAYE Yamingu\u00e9, DJIMADOUMADJI Tasb\u00e9, MAN-NA Djangrang, NDAM\u00c9 Joseph Pierre<\/strong><\/b><strong>. <\/strong>Agricultural practices in urban space, issues for food consumption and urban planning in Doba (Chad).<\/p>\n\n\n\n<p><strong>ADOU Dian\u00e9 Lucien. <\/strong>Levels of living of the people of the city of Daloa (Ivory Coast) and strategies for combating malaria.<\/p>\n\n\n\n<p><strong>NISSO Youribele and TEMECHE Abel <\/strong>Local development around Bouba Ndjidda National Park: Case study of Gouga, Kali, Koum, Madingring, Mbissiri and Tham villages in North Cameroon.<\/p>\n\n\n\n<p><strong>SAIDOU BOGNO Daniel. <\/strong>Socio-economic impact of the marketing of charcoal in North Cameroon. The case study of the B\u00e9nu\u00e9 National Park.<\/p>\n\n\n\n<p><strong>BOHOUSSOU N\u2019Guessan S\u00e9raphin, DELY Iba Dieudonn\u00e9 et ZAMBL\u00c9 Bi Iri\u00e9 Elis\u00e9. <\/strong>The artificial lake as a key reading of the recurrent floods in Man city (Ivory Coast).<\/p>\n\n\n\n<p><strong>MOHAMADOU GUIDADO. <\/strong>\"Sar\u00e9\" and town planning: Fulani architectural traditions and practices tested by modernity. The case of Ngaound\u00e9r\u00e9 (Cameroon).<\/p>\n\n\n\n<p><strong>Multi-agent modeling of onchocerciasis vectors and analysis of their impact on the inhabitant of the locality of Monat\u00e9l\u00e9. <\/strong>Multi-agent modeling of onchocerciasis vectors and analysis of their impact on the inhabitant of the locality of Monat\u00e9l\u00e9.<\/p>","protected":false},"excerpt":{"rendered":"<p>NDAO Rama. Apport des Syst\u00e8mes d&rsquo;Information G\u00e9ographique \u00e0 la gestion des programmes de Zones d&rsquo;Am\u00e9nagement Concert\u00e9. TCHUEMBOU TALOM Boris, ETOUNA Joachim. D\u00e9tection des zones sous-pression de stationnement dans la ville de Yaound\u00e9 : une approche par SIG et enqu\u00eates de terrain. NDJEUTO TCHOULI Prosper Innocent, BATCHANOU KAMTCHOUM P\u00e9guy, MOHAMADOU Arabo, TCHOTSOUA Michel. G\u00e9omatique et cartographie [&hellip;]<\/p>","protected":false},"author":1,"featured_media":0,"parent":0,"menu_order":0,"comment_status":"closed","ping_status":"closed","template":"","meta":{"_et_pb_use_builder":"","_et_pb_old_content":"","_et_gb_content_width":""},"_links":{"self":[{"href":"https:\/\/acager.org\/en\/wp-json\/wp\/v2\/pages\/1520"}],"collection":[{"href":"https:\/\/acager.org\/en\/wp-json\/wp\/v2\/pages"}],"about":[{"href":"https:\/\/acager.org\/en\/wp-json\/wp\/v2\/types\/page"}],"author":[{"embeddable":true,"href":"https:\/\/acager.org\/en\/wp-json\/wp\/v2\/users\/1"}],"replies":[{"embeddable":true,"href":"https:\/\/acager.org\/en\/wp-json\/wp\/v2\/comments?post=1520"}],"version-history":[{"count":4,"href":"https:\/\/acager.org\/en\/wp-json\/wp\/v2\/pages\/1520\/revisions"}],"predecessor-version":[{"id":1539,"href":"https:\/\/acager.org\/en\/wp-json\/wp\/v2\/pages\/1520\/revisions\/1539"}],"wp:attachment":[{"href":"https:\/\/acager.org\/en\/wp-json\/wp\/v2\/media?parent=1520"}],"curies":[{"name":"wp","href":"https:\/\/api.w.org\/{rel}","templated":true}]}}