{"id":1752,"date":"2020-12-28T01:04:59","date_gmt":"2020-12-28T00:04:59","guid":{"rendered":"http:\/\/acager.org\/?page_id=1752"},"modified":"2022-12-04T18:21:30","modified_gmt":"2022-12-04T17:21:30","slug":"rigager-numero-7-8-introduction","status":"publish","type":"page","link":"https:\/\/acager.org\/en\/rigager-numero-7-8-introduction\/","title":{"rendered":"IJGPRM - Introduction to the seventh-\neighth issue"},"content":{"rendered":"[et_pb_section admin_label=\u00a0\u00bbsection\u00a0\u00bb]\n\t\t\t[et_pb_row admin_label=\u00a0\u00bbrow\u00a0\u00bb]\n\t\t\t\t[et_pb_column type=\u00a0\u00bb4_4&Prime;][et_pb_text admin_label=\u00a0\u00bbText\u00a0\u00bb]\n<p>Geomatics is a discipline bringing together the practices, methods and technologies that collect, analyze and disseminate geospatial data. Its final objective is the spatial representation of the data collected to identify and demonstrate the results of statistical analyzes. Logically, the term geomatics comes from the contraction of the words geography and computer science. Geomatics specialists agree to distinguish between geomatics oriented Geography and geomatics oriented Computer science. The first contributes to the geolocation of objects and facilitates their spatial analysis, generally on a small scale or in comparative form. Its aim is to define and classify the facts and their various combinations which intervene in the image of a \u201clandscape\u201d. These terms, it is true, have been used in very different senses, according to the scale adopted, according to whether or not the action of men is considered. The second concerns the design and production of Geomatics tools. Geomatics software is produced by this branch of specialists. The geomatics approach is inherently multifaceted and multidisciplinary. It provides access to the three major professional communities concerned with geospatial technologies and their applications :<br>\u2022 acquisition of geolocated data (GPS or equivalent technologies, digital imagery by drone, plane or satellite, LiDAR, etc.);<br>\u2022 transformation of data into meaningful and structured information, and integration into information systems via various computer technologies (GIS, Big data, 3D virtual reality and augmented reality, etc.);<br>\u2022 simulation and spatial analysis of phenomena occurring in the territory (study of urban development, natural or agricultural areas, analysis of road traffic and mobility, establishment of infrastructures, prevention and management of risks, civil security, defense\u2026).<\/p>\n\n\n\n<p>Geo-referencing the territories and opting for new development methods constitute axes of scientific production in the service of development which are at the heart of the redeployments experienced by public policies and which feed the reflections carried out by researchers and experts.<br>Local development is now at the center of current debates and its paradigm is based on \"the capacity of local actors to organize themselves around a project, in other words to unite around a common development objective by mobilizing the potentialities and resources existing in a territory\u201d. (Angeon, Callois, 2007). It is thus assimilated to \"a process of diversification and enrichment of economic and social activities in a territory from the mobilization and coordination of its resources and energies\u00bb (Deneuil, Laroussi, 2005). Local development therefore reflects the desire to increase the effectiveness of public policies by bringing them closer to the agents concerned, mainly local actors, and tends to reconcile the challenges of institutional, economic, social and cultural development.<\/p>\n\n\n\n<p>To question and position oneself theoretically in relation to this issue and to address the links and interactions established between local development and sociopolitical contexts leading to changes (decentralization, communalization of territories, new reforms, social movements, etc.) as well as between development and territorial dynamics\u2026 are all axes of scientific production for the two double issues.<\/p>\n\n\n\n<p>The double volume 07 and 08 of RIGAGER brings together 12 contributions focused on Geomatics, natural resources and the socio-economics development of the intertropical world.<\/p>\n\n\n\n<p>Ndikw\u00e9 Dourw\u00e9 et al. analyze the spatial changes that the construction of the hydroelectric dam and mining activities induce. They carry out diachronic mapping through multisource data (2000-2013-2020), land use and assess the degree of environmental pollution. Gabriel Nanfack and Julius Tata Nfor associate the hierarchical multicriteria analysis (AHP) method with Geographic Information Systems (GIS), to arrive at the results according to which the Menoua watershed has a very high and high-risk susceptibility out of about 55.91 km\u00b2 or 9% of the total area of the basin. Francis Tangmouo Tsoata et al. Map the susceptibility to landslides in Bafoussam (Cameroon). Reni Bibriven Lila models the geophysical risks of landslides using multi-level geospatial data in Southern California. The analysis of the dynamics of land use types in Dizangue from 1975 to 2019 and its impact on the Ossa Lake Wildlife Reserve is carried out by Ghislain Nyembe Etame et al. while Paulin Gotilo et al. present the contribution of the Geographic Information System (GIS) in the hydro-agricultural developments of Batha - East in Chad. In the same vein, Daniele Roseline Bikie evaluates the contribution of GIS in the monitoring of reforestation activities in the ENEF School Forest of Mbalmayo in Cameroon. Valentine Yuninu et al. Based on satellite images and surveys and observations in the field, an inventory of wetland ecosystems in the city of Bamenda in Cameroon in terms of characteristics and services provided to populations. Rabiou Abdou et al. Analyze the farmers' perception of the impacts of tigernuts (Cyperus esculentus L.) cultivation on soil degradation in the department of Agui\u00e9 in Niger. From field surveys and matrix analysis Florent Gohourou highlights various threats to water resources in the town of San-P\u00e9dro in C\u00f4te d'Ivoire. Johnson Modika et al., Study the production of palm oil in the sub-prefecture of Mamfe, southwest region (Cameroon) which they consider to be a panacea for rural development. Vincent de Paul Allambademel et al. Present the contribution of microfinance to women's organizations and microfinance for empowerment and local development based on the case study of EXPRESS MIA in N\u2019djamena.<\/p>\n\n\n\n<p>The geospatial analysis taught and practiced must be able to address the vital problems of our society while avoiding the silos and prejudices that make it so difficult to transform the enormous expertise offered by this science. and technical in the field of the environment, regional planning and digital cartography, in force for regional planning and development of the intertropical world.<\/p>\n\n\n\n<p>This part of the African continent has recorded its strongest economic growth in twenty years. The latter is mainly due to strong global demand for commodities and increased investment in these sectors. The exploitation and trade of raw materials is the main source of foreign exchange and tax revenue for many countries in the intertropical zone.<\/p>\n[\/et_pb_text][\/et_pb_column]\n\t\t\t[\/et_pb_row]\n\t\t[\/et_pb_section]","protected":false},"excerpt":{"rendered":"<p>La g\u00e9omatique est une discipline regroupant les pratiques, m\u00e9thodes et technologies qui permettent de collecter, d\u2019analyser et de diffuser des donn\u00e9es g\u00e9ospatiales. Son objectif final est la repr\u00e9sentation spatiale des donn\u00e9es r\u00e9colt\u00e9es pour identifier et d\u00e9montrer les r\u00e9sultats d&rsquo;analyses statistiques. Logiquement, le terme g\u00e9omatique provient de la contraction des termes g\u00e9ographie et informatique. Les g\u00e9omaticiens [&hellip;]<\/p>","protected":false},"author":2,"featured_media":0,"parent":0,"menu_order":0,"comment_status":"closed","ping_status":"closed","template":"","meta":{"_et_pb_use_builder":"on","_et_pb_old_content":"<!-- wp:paragraph -->\n<p>La g\u00e9omatique est une discipline regroupant les pratiques, m\u00e9thodes et technologies qui permettent de collecter, d\u2019analyser et de diffuser des donn\u00e9es g\u00e9ospatiales. Son objectif final est la repr\u00e9sentation spatiale des donn\u00e9es r\u00e9colt\u00e9es pour identifier et d\u00e9montrer les r\u00e9sultats d'analyses statistiques. Logiquement, le terme g\u00e9omatique provient de la contraction des termes g\u00e9ographie et informatique. Les g\u00e9omaticiens s'accordent \u00e0 distinguer une g\u00e9omatique orient\u00e9e G\u00e9ographie et une g\u00e9omatique orient\u00e9e Informatique. La premi\u00e8re contribue \u00e0 la g\u00e9olocalisation des objets et facilite leur analyse spatiale g\u00e9n\u00e9ralement \u00e0 petite \u00e9chelle ou sous forme comparative. Elle a pour but de d\u00e9finir et de classer les faits et leurs combinaisons diverses qui interviennent dans l'image d'un \u00abpaysage\u00bb. Ces termes, il est vrai, ont \u00e9t\u00e9 employ\u00e9s dans des sens tr\u00e8s vari\u00e9s, selon l'\u00e9chelle adopt\u00e9e, selon qu'on consid\u00e8re ou non l'action des hommes. La seconde porte sur la conception et la production des outils de la G\u00e9omatique. Les logiciels de G\u00e9omatique sont produits par cette branche de sp\u00e9cialistes. L\u2019approche g\u00e9omatique est par essence multifacette et pluridisciplinaire1. Elle permet d\u2019acc\u00e9der aux trois grandes communaut\u00e9s professionnelles concern\u00e9es par les technologies g\u00e9ospatiales et leurs applications :<br>\u2022 acquisition de donn\u00e9es g\u00e9olocalis\u00e9es (technologies GPS ou \u00e9quivalent, imagerie num\u00e9rique par drone, avion ou satellite, LiDAR\u2026) ;<br>\u2022 transformation des donn\u00e9es en information signifiante et structur\u00e9e, et int\u00e9gration dans des syst\u00e8mes d\u2019information via diverses technologies informatiques (SIG, Big data, R\u00e9alit\u00e9 virtuelle 3D et r\u00e9alit\u00e9 augment\u00e9e\u2026);<br>\u2022 simulation et analyse spatiale de ph\u00e9nom\u00e8nes se d\u00e9roulant sur le territoire (\u00e9tude de l\u2019\u00e9volution urbaine, des espaces naturels ou agricoles, analyse du trafic routier et de la mobilit\u00e9, implantation d\u2019infrastructures, pr\u00e9vention et gestion des risques, s\u00e9curit\u00e9 civile, d\u00e9fense\u2026).<\/p>\n<!-- \/wp:paragraph -->\n\n<!-- wp:paragraph -->\n<p>G\u00e9o-r\u00e9f\u00e9rencer les territoires et opter pour de nouvelles modalit\u00e9s de d\u00e9veloppement constituent des axes de production scientifique au service du d\u00e9veloppement qui s\u2019inscrivent au c\u0153ur des red\u00e9ploiements que connaissent les politiques publiques et qui alimentent les r\u00e9flexions men\u00e9es par les chercheurs et les experts.<br>Le d\u00e9veloppement local est d\u00e9sormais au centre des d\u00e9bats actuels et son paradigme repose sur \u00ab la capacit\u00e9 d\u2019acteurs locaux \u00e0 s\u2019organiser autour d\u2019un projet, c\u2019est-\u00e0-dire se f\u00e9d\u00e9rer autour d\u2019un objectif de d\u00e9veloppement commun, en mobilisant les potentialit\u00e9s et les ressources existant sur un territoire \u00bb (Angeon, Callois, 2007)2. Il est ainsi assimil\u00e9 \u00e0 \u00ab un processus de diversification et d\u2019enrichissement des activit\u00e9s \u00e9conomiques et sociales sur un territoire \u00e0 partir de la mobilisation et de la coordination de ses ressources et de ses \u00e9nergies \u00bb (Deneuil, Laroussi, 2005)3. Le d\u00e9veloppement local traduit donc la volont\u00e9 d\u2019augmenter l\u2019efficacit\u00e9 des politiques publiques en les rapprochant des agents concern\u00e9s, principalement les acteurs locaux, et tend \u00e0 concilier entre les enjeux de d\u00e9veloppement institutionnel, \u00e9conomique, social et culturel.<\/p>\n<!-- \/wp:paragraph -->\n\n<!-- wp:paragraph -->\n<p>S\u2019interroger et se positionner th\u00e9oriquement par rapport \u00e0 cette probl\u00e9matique et aborder les liens et les interactions \u00e9tablis entre d\u00e9veloppement local et contextes socio-politiques porteurs de changements (d\u00e9centralisation, communalisation des territoires, nouvelles r\u00e9formes, mouvements sociaux), aussi bien qu\u2019entre d\u00e9veloppement et dynamiques territoriales\u2026 sont autant d\u2019axes de production scientifique pour les deux num\u00e9ros.<\/p>\n<!-- \/wp:paragraph -->\n\n<!-- wp:paragraph -->\n<p>Le volume double (07 et 08) de RIGAGER regroupe 12 contributions centr\u00e9es sur la G\u00e9omatique, les ressources naturelles et le d\u00e9veloppement socio-\u00e9conomique du monde intertropical.<\/p>\n<!-- \/wp:paragraph -->\n\n<!-- wp:paragraph -->\n<p>Ndikw\u00e9 Dourw\u00e9 et al. analysent les mutations spatiales que la construction du barrage hydro\u00e9lectrique et les activit\u00e9s mini\u00e8res induisent. Ils proc\u00e8dent \u00e0 une cartographie diachronique \u00e0 travers les donn\u00e9es multisources (2000-2013-2020), l\u2019occupation du sol et \u00e9valuent le degr\u00e9 de pollution de l\u2019environnement. Gabriel Nanfack et Julius Tata Nfor associent la m\u00e9thode d\u2019analyse multicrit\u00e8re hi\u00e9rarchique (AHP) aux Syst\u00e8mes d\u2019Information G\u00e9ographique (SIG), pour arriver aux r\u00e9sultats selon lesquels le bassin versant de la Menoua a une susceptibilit\u00e9 aux risques tr\u00e8s \u00e9lev\u00e9 et \u00e9lev\u00e9 sur environ 55,91 km\u00b2 soit 9% de la superficie totale du bassin. Francis Tangmouo Tsoata et al. cartographient la susceptibilit\u00e9 aux glissements de terrain \u00e0 Bafoussam (Cameroun). Reni Bibriven Lila mod\u00e9lise les risques g\u00e9ophysiques des glissements de terrain \u00e0 l'aide de donn\u00e9es g\u00e9ospatiales \u00e0 plusieurs niveaux au Sud de la Californie. L\u2019analyse de la dynamique des types d\u2019occupation du sol \u00e0 Dizangue de 1975 \u00e0 2019 et son impact sur la r\u00e9serve de faune du lac Ossa est faite par Ghislain Nyembe Etame et al. tandis que Paulin Gotilo et al. pr\u00e9sentent la contribution du Syst\u00e8me d\u2019Information G\u00e9ographique (SIG) dans les am\u00e9nagements hydroagricoles du Batha \u2013 Est au Tchad. Dans la m\u00eame veine, Daniele Roseline Bikie \u00e9value l\u2019apport des SIG dans le suivi des activit\u00e9s de reboisement dans la For\u00eat Ecole de l\u2019ENEF de Mbalmayo au Cameroun. Valentine Yuninu et al. font, \u00e0 base des images satellitales et les enqu\u00eates et observations du terrain, un \u00e9tat des lieux des \u00e9cosyst\u00e8mes des zones humides dans la ville de Bamenda au Cameroun en termes de caract\u00e9ristiques et des services rendus aux populations. Rabiou Abdou et al. analysent la perception paysanne des impacts de la culture de souchet (Cyperus esculentus L.) sur la d\u00e9gradation des sols dans le d\u00e9partement d\u2019Agui\u00e9 au Niger. A partir des enqu\u00eates de terrain et l\u2019analyse matricielle Florent Gohourou met en exergue diff\u00e9rentes menaces qui p\u00e8sent sur les ressources en eau dans la ville de San-P\u00e9dro en C\u00f4te d\u2019Ivoire. Johnson Modika Egbe et al. \u00e9tudient la production de l\u2019huile de palme dans la Sous pr\u00e9fecture de Mamfe, r\u00e9gion du SudOuest (Cameroun) qu\u2019ils consid\u00e8rent comme \u00e9tant une panac\u00e9e pour le d\u00e9veloppement rural. Vincent de Paul Allambademel et al. pr\u00e9sentent l\u2019apport de la microfinance dans l\u2019autonomisation des organisations f\u00e9minines et le d\u00e9veloppement local \u00e0 partir de l\u2019\u00e9tude du cas d\u2019EXPRESS MIA \u00e0 N\u2019djamena.<\/p>\n<!-- \/wp:paragraph -->\n\n<!-- wp:paragraph -->\n<p>Il faut que l\u2019analyse g\u00e9ospatiale enseign\u00e9e et pratiqu\u00e9e soit \u00e0 m\u00eame d\u2019aborder les probl\u00e8mes vitaux de notre soci\u00e9t\u00e9 en \u00e9vitant les cloisonnements et les pr\u00e9jug\u00e9s qui font que l\u2019on a tant de mal \u00e0 transformer l\u2019\u00e9norme expertise qu\u2019offre cette science et technique dans le domaine de l\u2019environnement, de l\u2019am\u00e9nagement du territoire et de la cartographie num\u00e9rique, en force de l\u2019am\u00e9nagement du territoire et de d\u00e9veloppement du monde intertropical.<\/p>\n<!-- \/wp:paragraph -->\n\n<!-- wp:paragraph -->\n<p>Cette partie du continent africain enregistre sa plus forte croissance \u00e9conomique depuis vingt ans. Cette derni\u00e8re s\u2019explique notamment par une forte demande mondiale pour les mati\u00e8res premi\u00e8res et un investissement accru dans ces secteurs. L\u2019exploitation et le commerce des mati\u00e8res premi\u00e8res repr\u00e9sentent la principale source de devises \u00e9trang\u00e8res et de recettes fiscales pour de nombreux pays de la zone intertropicale.<\/p>\n<!-- \/wp:paragraph -->","_et_gb_content_width":""},"_links":{"self":[{"href":"https:\/\/acager.org\/en\/wp-json\/wp\/v2\/pages\/1752"}],"collection":[{"href":"https:\/\/acager.org\/en\/wp-json\/wp\/v2\/pages"}],"about":[{"href":"https:\/\/acager.org\/en\/wp-json\/wp\/v2\/types\/page"}],"author":[{"embeddable":true,"href":"https:\/\/acager.org\/en\/wp-json\/wp\/v2\/users\/2"}],"replies":[{"embeddable":true,"href":"https:\/\/acager.org\/en\/wp-json\/wp\/v2\/comments?post=1752"}],"version-history":[{"count":5,"href":"https:\/\/acager.org\/en\/wp-json\/wp\/v2\/pages\/1752\/revisions"}],"predecessor-version":[{"id":2314,"href":"https:\/\/acager.org\/en\/wp-json\/wp\/v2\/pages\/1752\/revisions\/2314"}],"wp:attachment":[{"href":"https:\/\/acager.org\/en\/wp-json\/wp\/v2\/media?parent=1752"}],"curies":[{"name":"wp","href":"https:\/\/api.w.org\/{rel}","templated":true}]}}