{"id":1759,"date":"2020-12-28T02:41:24","date_gmt":"2020-12-28T01:41:24","guid":{"rendered":"http:\/\/acager.org\/?page_id=1759"},"modified":"2020-12-29T08:54:20","modified_gmt":"2020-12-29T07:54:20","slug":"rigager-contenu-du-septieme-huitieme-numero-decembre-2020","status":"publish","type":"page","link":"https:\/\/acager.org\/en\/rigager-contenu-du-septieme-huitieme-numero-decembre-2020\/","title":{"rendered":"IJGPRM : Content of the seventh-eighth issue - December 2020"},"content":{"rendered":"<p><strong>TANGMOUO TSOATA Francis, YEMMAFOUO Aristide, NGOUANET Chr\u00e9tien.<\/strong> Mapping of the susceptibility to landslides in Bafoussam (Cameroon). Multi-criteria hierarchical analysis and Geographic Information Systemapproach<\/p>\n\n\n\n<p><strong>NDIKW\u00c9 DOURW\u00c9 Maurice, ISMAILA Ahmadou, AOUDOU DOUA Sylvain, AW\u00c9 WANGM\u00c9N\u00c9 Salomon, SOUAR\u00c9 Konsala.<\/strong> Spatial changes and environmental degradation in the locality of B\u00e9tar\u00e9-Oya (East Cameroon).<\/p>\n\n\n\n<p><strong>Gabriel NANFACK, Julius TATA Nfor.<\/strong> Mapping using multi-criteria hierarchical analysis of landslide risk areas in the Menoua watershed (West Cameroon).<\/p>\n\n\n\n<p><strong>Reni Bibriven LILA.<\/strong> Landslide Geophysical Risk Modeling Using Multi-Tiered Geospatial Data for Southern California.<\/p>\n\n\n\n<p><strong>Ghislain NYEMBE ETAME, Eric Fran\u00e7ois MEYENGUE, Marlyse NANKAP NDJANGUE, ABOUBAKAR, Yolande EKOSSO EBOUELE, Aloysisus KOTHEM LEBGA, Chr\u00e9tien NGOUANET.<\/strong> Land use dynamics in Dizangue (Cameroon) from 1975 to 2019 and impact on the Ossa lake wildlife reserve.<\/p>\n\n\n\n<p><strong>Paulin GOTILO, Vincent MOUTEDE-MADJI.<\/strong> Contribution of the Geographic Information System (GIS) in hydroagricultural development in East Batha in Chad.<\/p>\n\n\n\n<p><strong>Daniele Roseline BIKIE MINDANG, Philippes MBEVO FENDOUNG.<\/strong> Contribution of GIS in monitoring of reforestation activities in forest School of NFS of Mbalmayo (Cameroon).<\/p>\n\n\n\n<p><strong>Valentine YUNINUI, Toumba OUMAROU, Michel TCHOTSOUA.<\/strong> An appraisal of wetland ecosystems of the Bamenda City in Cameroon : characteristics and services.<\/p>\n\n\n\n<p><strong>Rabiou ABDOU, Hadiza KIARI FOUGOU, Sa\u00efdou MAIDA ARGI.<\/strong> Peasant perception of the impacts of nutgrass cultivation (Cyperus esculentus L.) on soil degradation in Agui\u00e9 department (Niger).<\/p>\n\n\n\n<p><strong>Florent GOHOUROU, Quonan Christia YAO-KOUASSI, \u00c9mile Aur\u00e9lien AHUA.<\/strong> Anthropogenic pressures and degradation of surface water in San-Pedro (C\u00f4te-d'Ivoire).<\/p>\n\n\n\n<p><strong>Johnson MODIKA EGBE, Sylvester TABOT.<\/strong> Oil palm production: a panacea for rural development in Mamfe sub division in the south west region (Cameroon).<\/p>\n\n\n\n<p><strong>Vincent de Paul ALLAMBADEMEL, Ndikw\u00e9 TCHAGO.<\/strong> Women's organizations and microfinance facing the challenges of empowerment and local development : the case of EXPRESS MIA in N\u2019djamena.<\/p>","protected":false},"excerpt":{"rendered":"<p>TANGMOUO TSOATA Francis, YEMMAFOUO Aristide, NGOUANET Chr\u00e9tien. Cartographie de la susceptibilit\u00e9 aux glissements de terrain \u00e0 Bafoussam (Cameroun). Approche par Analyse Multicrit\u00e8res Hi\u00e9rarchiques et Syst\u00e8me d\u2019Information G\u00e9ographique. NDIKW\u00c9 DOURW\u00c9 Maurice, ISMAILA Ahmadou, AOUDOU DOUA Sylvain, AW\u00c9 WANGM\u00c9N\u00c9 Salomon, SOUAR\u00c9 Konsala. Mutations spatiales et d\u00e9gradation de l\u2019environnement dans la localit\u00e9 de B\u00e9tar\u00e9-Oya (Est-Cameroun). Gabriel NANFACK, Julius [&hellip;]<\/p>","protected":false},"author":2,"featured_media":0,"parent":0,"menu_order":0,"comment_status":"closed","ping_status":"closed","template":"","meta":{"_et_pb_use_builder":"off","_et_pb_old_content":"","_et_gb_content_width":""},"_links":{"self":[{"href":"https:\/\/acager.org\/en\/wp-json\/wp\/v2\/pages\/1759"}],"collection":[{"href":"https:\/\/acager.org\/en\/wp-json\/wp\/v2\/pages"}],"about":[{"href":"https:\/\/acager.org\/en\/wp-json\/wp\/v2\/types\/page"}],"author":[{"embeddable":true,"href":"https:\/\/acager.org\/en\/wp-json\/wp\/v2\/users\/2"}],"replies":[{"embeddable":true,"href":"https:\/\/acager.org\/en\/wp-json\/wp\/v2\/comments?post=1759"}],"version-history":[{"count":2,"href":"https:\/\/acager.org\/en\/wp-json\/wp\/v2\/pages\/1759\/revisions"}],"predecessor-version":[{"id":1774,"href":"https:\/\/acager.org\/en\/wp-json\/wp\/v2\/pages\/1759\/revisions\/1774"}],"wp:attachment":[{"href":"https:\/\/acager.org\/en\/wp-json\/wp\/v2\/media?parent=1759"}],"curies":[{"name":"wp","href":"https:\/\/api.w.org\/{rel}","templated":true}]}}