{"id":1931,"date":"2022-07-06T11:07:56","date_gmt":"2022-07-06T10:07:56","guid":{"rendered":"https:\/\/acager.org\/?page_id=1931"},"modified":"2022-07-21T12:07:22","modified_gmt":"2022-07-21T11:07:22","slug":"introduction-de-la-conference-1","status":"publish","type":"page","link":"https:\/\/acager.org\/en\/introduction-de-la-conference-1\/","title":{"rendered":"Argumentaire du r\u00e9f\u00e9rent scientifique et p\u00e9dagogique"},"content":{"rendered":"<p>[et_pb_section fb_built=\u00a0\u00bb1&Prime; _builder_version=\u00a0\u00bb4.16&Prime; _module_preset=\u00a0\u00bbdefault\u00a0\u00bb global_colors_info=\u00a0\u00bb{}\u00a0\u00bb][et_pb_row _builder_version=\u00a0\u00bb4.16&Prime; locked=\u00a0\u00bboff\u00a0\u00bb global_colors_info=\u00a0\u00bb{}\u00a0\u00bb][et_pb_column type=\u00a0\u00bb4_4&Prime; _builder_version=\u00a0\u00bb4.16&Prime; custom_padding=\u00a0\u00bb|||\u00a0\u00bb global_colors_info=\u00a0\u00bb{}\u00a0\u00bb custom_padding__hover=\u00a0\u00bb|||\u00a0\u00bb][et_pb_text _builder_version=\u00a0\u00bb4.16&Prime; text_font=\u00a0\u00bb||||||||\u00a0\u00bb text_font_size=\u00a0\u00bb16px\u00a0\u00bb text_line_height=\u00a0\u00bb1.8em\u00a0\u00bb header_font=\u00a0\u00bb||||||||\u00a0\u00bb header_text_align=\u00a0\u00bbleft\u00a0\u00bb header_2_font=\u00a0\u00bbOpen Sans|600|||||||\u00a0\u00bb header_2_font_size=\u00a0\u00bb30px\u00a0\u00bb header_2_line_height=\u00a0\u00bb2.2em\u00a0\u00bb header_3_font=\u00a0\u00bb|600|||||||\u00a0\u00bb header_3_line_height=\u00a0\u00bb1.6em\u00a0\u00bb module_alignment=\u00a0\u00bbcenter\u00a0\u00bb global_colors_info=\u00a0\u00bb{}\u00a0\u00bb]<\/p>\n<div id=\"lipsum\">\n<p>Among the challenges to be met by the tropical world for its development, education and training are paramount. The importance of these challenges is all the more apparent as tropical countries, particularly those south of the Sahara, have initiated reforms aimed at professionalizing university courses. However, faced with the massive and rapid increase in their student population, the face-to-face education system is increasingly showing its limits. Insufficient infrastructure, the limited number of qualified and committed human resources, the concentration of these in the main cities, the isolation of many regions as well as security issues (limiting access to training sites), require the adoption of new training approaches in order to meet demand. Thus, tropical universities are called upon to transform themselves and to open up to approaches more suited to the contexts of these current challenges.<\/p>\n<p>Distance learning (FAD) and open distance learning (FOAD) are solutions to remedy this situation. A space for innovation, the digital world is also the vehicle for a new circulation of ideas and scientific and technical advances.<\/p>\n<p>If the first responsibility of the University is to appropriate these technologies and this knowledge, it is also its responsibility to share them with society as a whole. Teachers are, of course, the first agents of this institutional and social appropriation, but it is also, increasingly, the responsibility of students, whose skills integrate the requirements of the digital world (AUF, 2014).<a href=\"#_ftn1\" name=\"_ftnref1\">[1]<\/a>This development has considerably modified the functioning of the University itself and its modes of governance. The administration and teaching within the framework of the Master FOAD GAGER of the University of Ngaound\u00e9r\u00e9 constitutes a remarkable example of which, by this scientific meeting, we celebrate its 10 years of existence.<\/p>\n<h3><a name=\"_Toc97046073\"><\/a><a name=\"_Toc97045868\"><\/a><a name=\"_Toc97045612\"><\/a><a name=\"_Toc96888964\"><\/a><a name=\"_Toc96579832\"><\/a><a name=\"_Toc96521679\"><\/a><a name=\"_Toc96405908\"><\/a><a name=\"_Toc96369697\"><\/a><a name=\"_Toc93610150\"><\/a><a name=\"_Toc93609846\"><\/a><a name=\"_Toc93609447\"><\/a><a name=\"_Toc90979048\"><\/a>Distance education : case of the Master GAGER<\/h3>\n<p class=\"translation-block\">Defined by Glikman (1994)<a href=\"#_ftn2\" name=\"_ftnref2\" target=\"_self\">[2]<\/a> as being the transmission and learning of knowledge implemented outside the physical presence of the trainer and the trainee in the same place during the training, Distance Education was initiated in the years 1720 in America by Caleb Phillips. It gradually evolved from a system of postal correspondence to an online virtual learning system from the year 1999 (e-learning), passing in turn by radio and television learning. Distance learning, beyond the means of transmitting knowledge, has also evolved in its form to give rise to categories such as e-learning and MOOCs. The Master GAGER from the University of Ngaound\u00e9r\u00e9 (Cameroon) whose experience is shared here falls into the first category.<\/p>\n<p class=\"translation-block\">It is not always easy to distinguish e-learning from other forms of distance learning. For UNESCO, e-learning is characterized by <em>\"freedom of access to the educational resources made available to the learner, without any restriction, namely: absence of admission conditions, route and pace of training chosen by the learner according to his availability and conclusion of a contract between the learner and the institution\u201d.<\/em> The European Commission understands it as <em>\"a distance education which allows everyone to work independently, at their own pace, wherever they are, in particular thanks to e-learning\".<a href=\"#_ftn3\" name=\"_ftnref3\" target=\"_self\"><strong>[3]<\/strong><\/a><\/em>.<\/p>\n<p>Selon le site internet sp\u00e9cialis\u00e9 eduscol, la FOAD repose sur un socle tripartite\u00a0: l\u2019int\u00e9gration des technologies de l\u2019information et de la communication, l\u2019adaptation \u00e0 l\u2019individu et la modularit\u00e9 de la formation<a href=\"#_ftn4\" name=\"_ftnref4\">[4]<\/a>. Elle se d\u00e9marque donc par un dispositif de formation bas\u00e9 sur la prise en compte des besoins des apprenants, \u00ab\u00a0articulant les contenus de formation \u00e0 des services vari\u00e9s\u00a0\u00bb (tutorat, forum, exercices ou simulations, classes virtuelles, centres de ressources, courts vid\u00e9os, t\u00e9l\u00e9pr\u00e9sentiel\u2026), qui lib\u00e8re des contraintes de lieux et de temps.<\/p>\n<h3><a name=\"_Toc97046074\"><\/a><a name=\"_Toc97045869\"><\/a><a name=\"_Toc97045613\"><\/a><a name=\"_Toc96888965\"><\/a><a name=\"_Toc96579833\"><\/a><a name=\"_Toc96521680\"><\/a><a name=\"_Toc96405909\"><\/a><a name=\"_Toc96369698\"><\/a><a name=\"_Toc93610151\"><\/a><a name=\"_Toc93609847\"><\/a><a name=\"_Toc93609448\"><\/a><a name=\"_Toc90979049\"><\/a>G\u00e9n\u00e8se et description du Master GAGER<\/h3>\n<p>The MASTER in Geomatics, Planning and Resource Management (GAGER) is the culmination of an open and distance learning project developed from 2006 by the geomatics laboratory of the University of Ngaound\u00e9r\u00e9 in Cameroon. The initiative of this training comes to meet a strong need for professionals in geomatics in Central Africa in particular, raised by observations of the scientific manager of this laboratory. Benefiting from strong interest and support from the administrative hierarchy of the said University, in this case the Rectorate, this training was launched in 2010 with 19 learners.<\/p>\n<p class=\"translation-block\">This Master is transversal to the natural, exact, human and social sciences. It mainly extends the Masters and Master I of geography, natural sciences and computer science. It revolves around the applications of geomatics understood as the <em>\u201ccomputer processing of data with spatial reference\u201d<\/em>. By combining geographical sciences and computer science, geomatics involves all disciplines interested in digitized geographical information (agriculture, planning, cartography, environment, geodesy, geography, geology, hydrology, pedology, topography, remote sensing, urban planning \u2026). This Master 2 welcomes students from MASTERS 1 and staff from professional backgrounds with a level equivalent to Bac + 4.<\/p>\n<p>It brings together geo-referenced data that can be analysed, updated and presented in several forms: individual, cartographic, thematic and synthetic. It is an information system containing subsystems for the entry, storage, extraction, manipulation, analysis, display of spatially referenced data. It presents itself as a revolution in the field of spatial analysis.<\/p>\n<p class=\"translation-block\">This Master 2 aims to be professional. For this, it focuses on the methods and tools of applied geomatics for the integrated management of territories and the environment. It therefore trains <em>\u201cgeomaticians cartographers who manage territories and resources\u201d<\/em> specialized in the organization, storage, processing and management of geographic and environmental data<a href=\"#_ftn5\" name=\"_ftnref5\" target=\"_self\"><sup>[5]<\/sup><\/a>. The originality of this training lies in its transversal nature which predisposes graduates to jobs in various sectors. This positioning offers training greater flexibility and adaptability to changes in the job market in this emerging field.<\/p>\n<p>Ce MASTER pr\u00e9pare les \u00e9tudiants aux m\u00e9tiers de l\u2019am\u00e9nagement et de la gestion des ressources \u00e0 base de l\u2019information g\u00e9ographique. Les dipl\u00f4m\u00e9s issus de cette formation, directement op\u00e9rationnels, sont capables de s\u2019adapter \u00e0 des domaines d\u2019\u00e9tudes tr\u00e8s vari\u00e9s, aussi bien au sein des collectivit\u00e9s territoriales, que chez des prestataires de services (Bureaux d\u2019\u00e9tudes), les gestionnaires de l\u2019environnement, les instituts de recherche\u2026.<\/p>\n<p>Focused on the technological and professionalizing aspects, the skills developed respond to the policy of the CEMAC Heads of State within the framework of the LMD system, implemented by their Head of Government and applied by the Ministers of Higher Education. These skills are directly linked to geomatics in the broad sense, but also to everything that concerns the life of a company or a local community and its positioning in relation to others. Emphasis is placed on innovation, technological watch, and knowledge of cutting-edge technologies in the collection, storage, analysis and management of environmental data.<\/p>\n<p>Technicians with dual skills, they can occupy positions of project managers in private or public companies, or heads of technical services of municipalities in various fields, but whose map, plan, spatialized digital information and are the main tools.<\/p>\n<p>The lessons provide students with dual skills in the field of geographical sciences on the one hand and in the management of spatialized digital information on the other.<\/p>\n<p>In this world where techno-pedagogy profoundly modifies the task of the teacher, the organization of teaching, the conception of learning, even the way in which the learner appropriates knowledge, the importance of ICT in training is now an unavoidable fact that it is important to document scientifically, because their integration into the education system now seems irreversible, but not without pitfalls.<\/p>\n<p>Everything suggests that technologies are at the heart of a more global and deeper transformation of society with the emergence of what is now called the digital economy, itself tied to the rise of a knowledge society.<\/p>\n<p>The integration of ICT in the work of the teacher cannot however be seen as a mechanical process. It concretely raises the whole fundamental question of the preparation and training of teachers in the optimal use of ICT in connection with the improvement of the quality of student training.<\/p>\n<p>Thus, by being part of an analytical perspective of research and practices, with purposes of comparison and debate, this international conference on the 10 years of open and distance education of the Master's in Geomatics, Planning and Resource Management (GAGER) at Ngaound\u00e9r\u00e9 University, intends, on the theoretical level, to present communications aimed at better understanding the process and the different impacts of Geomatics and ICT in university education.<\/p>\n<p>The conference program focuses in particular on training in land use planning tools, resource management and pedagogical uses of ICT, on the transfer of techno-pedagogical skills in practice, and on the impact of ICT on the work of the teacher, in relation to the learning of the students.<\/p>\n<p>The central theme of this International Conference is also based on the most recent results of international literature in the fields of land use planning, resource management and distance learning. How do ICTs contribute to training in land use planning and resource management? How are techno-pedagogical tools capitalized for university training in general and for professional training in the planning and management of resources in particular? These are the questions underlying this scientific meeting in Ngaound\u00e9r\u00e9. It is thus noted that the professional knowledge at the base of the teaching is varied and that it calls, not only on cognitive knowledge, on theoretical and disciplinary knowledge, but also on practical skills, knowledge of action , as well as skills and attitudes specific to this profession where teachers and tutors interact with learners at all times.<\/p>\n<p>This variety of professional knowledge makes it possible to situate the question of the pedagogical integration of ICT with regard to a broader scientific problem concerning the cognitive, epistemological and pragmatic foundations of the work of teachers and their training.<\/p>\n<h3><a name=\"_Toc97046075\"><\/a><a name=\"_Toc97045870\"><\/a><a name=\"_Toc97045614\"><\/a><a name=\"_Toc96888966\"><\/a><a name=\"_Toc96579834\"><\/a><a name=\"_Toc96521681\"><\/a><a name=\"_Toc96405910\"><\/a><a name=\"_Toc96369699\"><\/a>Axis of the Conference<\/h3>\n<p>The session below underlie the issues that will be addressed during this meeting.<\/p>\n<p style=\"padding-left: 40px;\"><strong><em>Session 1. Geomatics and land use planning.<\/em><\/strong><\/p>\n<p style=\"padding-left: 40px;\"><strong><em>Session 2. Geomatics, resource exploitation and management.<\/em><\/strong><\/p>\n<p style=\"padding-left: 40px;\"><strong><em>Session 3. Digital technologies and higher education.<\/em><\/strong><\/p>\n<p>As an epilogue to this International Conference, a training course open to young African teledetectors will be organized on 19 septembre, 2022. On September 20, 2022, a round table that will bring together specialists from various backgrounds, in order to discuss the question of FOAD , MOOCs and their integration into teaching curricula, online teaching and learning platforms made available to teachers and learners by universities wil be organinized at the opening of the Conference.<\/p>\n<p>&nbsp;<\/p>\n<p>In this sense, the papers presented will attempt to highlight that the integration of ICT cannot be isolated from other dimensions of teaching and more global skills that underlie practices.<\/p>\n<p><a name=\"_Toc97045871\"><\/a><a name=\"_Toc97045615\"><\/a><a name=\"_Toc96888967\"><\/a><a name=\"_Toc96579835\"><\/a>The speakers will be questioned in turn on one or the other of these questions and will be invited to answer them in pairs, previously selected by the facilitator. Conference participants will also be encouraged to share their questions and views throughout the activities, via the Telegram feed.<\/p>\n<p>&nbsp;<\/p>\n<p><a href=\"#_ftnref1\" name=\"_ftn1\">[1]<\/a> AUF, 2014. Une strat\u00e9gie num\u00e9rique pour l\u2019enseignement sup\u00e9rieur francophone, 48 p.<\/p>\n<p><a href=\"#_ftnref2\" name=\"_ftn2\">[2]<\/a> Glikman<strong> V.<\/strong>, 2014. \u00ab\u00a0P\u00e9dagogies et publics des formations \u00e0 distance. Quelques touches historiques\u00a0\u00bb,\u00a0<em>Distances et m\u00e9diations des savoirs<\/em>\u00a0[En ligne], 8\u00a0|\u00a02014, mis en ligne le 14 janvier 2015, consult\u00e9 le 04 mars 2017. URL\u00a0: http:\/\/dms.revues.org\/902\u00a0; DOI\u00a0: 10.4000\/dms.902<\/p>\n<p><a href=\"#_ftnref3\" name=\"_ftn3\">[3]<\/a> <a href=\"http:\/\/www.elearningeuropa.info\/index.php?page=glossary&amp;menuzone=1&amp;abc=F\">http:\/\/www.elearningeuropa.info\/index.php?page=glossary&amp;menuzone=1&amp;abc=F<\/a><\/p>\n<p><a href=\"#_ftnref4\" name=\"_ftn4\">[4]<\/a> <a href=\"http:\/\/eduscol.education.fr\/superieur\/glossaire\">http:\/\/eduscol.education.fr\/superieur\/glossaire<\/a><\/p>\n<p><a href=\"#_ftnref5\" name=\"_ftn5\">[5] <\/a>Environment is understood here in the broad sense, taking into account the relationship between nature and societies.<\/p>\n<\/div>\n<p>[\/et_pb_text][\/et_pb_column][\/et_pb_row][\/et_pb_section]<\/p>","protected":false},"excerpt":{"rendered":"<p>Parmi les d\u00e9fis \u00e0 relever par le monde tropical pour son d\u00e9veloppement, l\u2019\u00e9ducation et la formation sont primordiales. L\u2019importance de ces d\u00e9fis est d\u2019autant plus relev\u00e9e que les pays tropicaux, notamment ceux au Sud du Sahara, ont engag\u00e9 des r\u00e9formes visant \u00e0 professionnaliser les cursus universitaires. Or, face \u00e0 l\u2019augmentation massive et rapide de leur [&hellip;]<\/p>","protected":false},"author":1,"featured_media":0,"parent":0,"menu_order":0,"comment_status":"closed","ping_status":"closed","template":"","meta":{"_et_pb_use_builder":"on","_et_pb_old_content":"","_et_gb_content_width":""},"_links":{"self":[{"href":"https:\/\/acager.org\/en\/wp-json\/wp\/v2\/pages\/1931"}],"collection":[{"href":"https:\/\/acager.org\/en\/wp-json\/wp\/v2\/pages"}],"about":[{"href":"https:\/\/acager.org\/en\/wp-json\/wp\/v2\/types\/page"}],"author":[{"embeddable":true,"href":"https:\/\/acager.org\/en\/wp-json\/wp\/v2\/users\/1"}],"replies":[{"embeddable":true,"href":"https:\/\/acager.org\/en\/wp-json\/wp\/v2\/comments?post=1931"}],"version-history":[{"count":17,"href":"https:\/\/acager.org\/en\/wp-json\/wp\/v2\/pages\/1931\/revisions"}],"predecessor-version":[{"id":2179,"href":"https:\/\/acager.org\/en\/wp-json\/wp\/v2\/pages\/1931\/revisions\/2179"}],"wp:attachment":[{"href":"https:\/\/acager.org\/en\/wp-json\/wp\/v2\/media?parent=1931"}],"curies":[{"name":"wp","href":"https:\/\/api.w.org\/{rel}","templated":true}]}}