{"id":1950,"date":"2022-07-06T10:43:12","date_gmt":"2022-07-06T09:43:12","guid":{"rendered":"https:\/\/acager.org\/?page_id=1950"},"modified":"2022-09-16T05:52:09","modified_gmt":"2022-09-16T04:52:09","slug":"organisation-conference-1","status":"publish","type":"page","link":"https:\/\/acager.org\/en\/organisation-conference-1\/","title":{"rendered":"Comit\u00e9s d&rsquo;organisation"},"content":{"rendered":"<p>[et_pb_section fb_built=\u00a0\u00bb1&Prime; _builder_version=\u00a0\u00bb4.16&Prime; _module_preset=\u00a0\u00bbdefault\u00a0\u00bb global_colors_info=\u00a0\u00bb{}\u00a0\u00bb][et_pb_row _builder_version=\u00a0\u00bb4.16&Prime; _module_preset=\u00a0\u00bbdefault\u00a0\u00bb global_colors_info=\u00a0\u00bb{}\u00a0\u00bb][et_pb_column type=\u00a0\u00bb4_4&Prime; _builder_version=\u00a0\u00bb4.16&Prime; _module_preset=\u00a0\u00bbdefault\u00a0\u00bb global_colors_info=\u00a0\u00bb{}\u00a0\u00bb][et_pb_text _builder_version=\u00a0\u00bb4.16&Prime; _module_preset=\u00a0\u00bbdefault\u00a0\u00bb text_font=\u00a0\u00bb||||||||\u00a0\u00bb text_font_size=\u00a0\u00bb16px\u00a0\u00bb text_line_height=\u00a0\u00bb1.8em\u00a0\u00bb ul_line_height=\u00a0\u00bb2.1em\u00a0\u00bb header_font=\u00a0\u00bb||||||||\u00a0\u00bb header_text_align=\u00a0\u00bbleft\u00a0\u00bb header_2_font=\u00a0\u00bbOpen Sans|600|||||||\u00a0\u00bb header_2_font_size=\u00a0\u00bb30px\u00a0\u00bb header_2_line_height=\u00a0\u00bb2.2em\u00a0\u00bb header_3_font=\u00a0\u00bb||||||||\u00a0\u00bb module_alignment=\u00a0\u00bbcenter\u00a0\u00bb global_colors_info=\u00a0\u00bb{}\u00a0\u00bb]<\/p>\n<h1><a name=\"_Toc107167660\"><\/a><a name=\"_Toc103576721\"><\/a><strong>Patronage<\/strong><\/h1>\n<p>Minister of State, Minister of Higher Education.<\/p>\n<h1><a name=\"_Toc107167661\"><\/a><a name=\"_Toc103576722\"><\/a><strong>Supervision<\/strong><\/h1>\n<ul>\n<li>Rector of the University of Ngaound\u00e9r\u00e9, President,<\/li>\n<li>GMES and AFRICA Program Coordinator<em>, <\/em>Co-Pr\u00e9sident,<\/li>\n<li>Dean of the Faculty of Arts, Letters and Human Sciences, Member,<\/li>\n<li>Vice-Dean in charge of Research and Cooperation of the Faculty of Arts, Letters and Human Sciences, Member<\/li>\n<\/ul>\n<h1><a name=\"_Toc107167662\"><\/a><a name=\"_Toc103576723\"><\/a><a name=\"_Toc93610156\"><\/a><a name=\"_Toc93609852\"><\/a><a name=\"_Toc93609453\"><\/a><a name=\"_Toc90979054\"><\/a><strong>Scientific committee<\/strong><\/h1>\n<p>The scientific committee evaluates communication projects and poster projects. He is the only one authorized to choose the projects according to their quality and their interest vis-\u00e0-vis the objectives pursued. It participates in the development of the final program of the Conference and the publication of the proceedings.<\/p>\n<h3><strong>Coordinators<\/strong><\/h3>\n<ul>\n<li>TCHOTSOUA Michel, Professeur, Universit\u00e9 de Ngaound\u00e9r\u00e9, Cameroun.<\/li>\n<li>MAHAMAN SALEY Bachir, Ma\u00eetre de Conf\u00e9rences, Commissariat Scientifique de l\u2019Union Africaine, Ethiopie.<\/li>\n<\/ul>\n<h3><strong>Deputy Coordinator <\/strong><\/h3>\n<ul>\n<li>TALLA TANKAM Narcisse, Charg\u00e9 de Cours, Universit\u00e9 de Dschang, Cameroun.<\/li>\n<\/ul>\n<h3><strong>Members <\/strong><\/h3>\n<ul>\n<li>AOUDOU DOUA Sylvain, Ma\u00eetre de Conf\u00e9rences, Universit\u00e9 de Maroua, Cameroun<\/li>\n<li>ASSAKO ASSAKO Ren\u00e9 Joly, Professeur, Universit\u00e9 de Douala<\/li>\n<li>BALGAH Sounders NGUH, Professeur, University of Buea, Cameroon<\/li>\n<li>NDAME Joseph Pierre, Ma\u00eetre de Conf\u00e9rences, Universit\u00e9 de Ngaound\u00e9r\u00e9, Cameroun<\/li>\n<li>BASKA TOUSSIA Daniel Val\u00e9rie, Ma\u00eetre de Conf\u00e9rences, Universit\u00e9 de Maroua, Cameroun<\/li>\n<li>BRING Christophe, Ma\u00eetre de Conf\u00e9rences, MINEPDED, Cameroun.<\/li>\n<li>FOGWE Zephania NJI, Professeur, University of Bamenda, Cameroon<\/li>\n<li>MA\u00c2TOUK Mustapha, Professeur, Facult\u00e9 des Sciences et Techniques de Tanger,\u00a0Maroc<\/li>\n<li>MADJIGOTO Robert, Ma\u00eetre de Conf\u00e9rences, Universit\u00e9 de Ndjamena, Tchad.<\/li>\n<li>MBAHA Joseph Pascal, Ma\u00eetre de Conf\u00e9rences, Universit\u00e9 de Douala, Cameroun<\/li>\n<li>NGOUFO Roger, Professeur, Universit\u00e9 de Yaound\u00e9 1, Cameroun<\/li>\n<li>OKANGA-GUAY, Ma\u00eetre de conf\u00e9rences, Laboratoire de G\u00e9omatique, de Recherche Appliqu\u00e9e et de Conseil, P\u00f4le Scientifique FLSH, Universit\u00e9 Omar Bongo, Gabon<\/li>\n<li>RAIMOND Christine, Directrice de Recherches, Universit\u00e9 de paris 1 panth\u00e9on, PRODIG,France<\/li>\n<li>JIOKAP NONO Yvette, Ma\u00eetre de Conf\u00e9rences, Universit\u00e9 de Ngaound\u00e9r\u00e9, Cameroun<\/li>\n<li>RUDANT Jean Paul, Professeur, master IG Marne et IASIG Douala,\u00a0Cameroun<\/li>\n<li>TABOPDA WAFO Gervais, Adjunct Professor, School of City and Regional Planning, Georgia Institute of Technology, USA<\/li>\n<li>PARE Daouda, Professeur, Universit\u00e9 de Ngaound\u00e9r\u00e9, Cameroun<\/li>\n<li>TCHAWA Paul, Professeur , Universit\u00e9 de Yaound\u00e9 1, Cameroun<\/li>\n<li>TSAYEM DEMAZE Moises, Professeur, HDR, Universit\u00e9 du Maine, France.<\/li>\n<li>WOUNFA Jean Marie, Ma\u00eetre de Conf\u00e9rences, Universit\u00e9 de Ngaound\u00e9r\u00e9, Cameroun.<\/li>\n<li>YEMMAFOUO Aristide, Ma\u00eetre de Conf\u00e9rences, Universit\u00e9 de Dschang, Cameroun.<\/li>\n<li>BOUBA Dieudonn\u00e9, Universit\u00e9 de Yaound\u00e9 1, Cameroun<\/li>\n<li>FOTSING Janvier, Universit\u00e9 de Bu\u00e9a, Cameroun<\/li>\n<li>GANOTA Boniface, Universit\u00e9 de Maroua, Cameroun<\/li>\n<li>GBESSI \u00c9ric, officier des Eaux et for\u00eat, Geomaticien au minist\u00e8re de l&rsquo;environnement et des ressources foresti\u00e8res, Togo<\/li>\n<li>KIARI FOGOU Hadiza, Ma\u00eetre de Conf\u00e9rences, Universit\u00e9 de Diffa, Niger<\/li>\n<li>KAFFO C\u00e9lestin, Universit\u00e9 de Dschang, Cameroun<\/li>\n<li>KAGOMBE Timoth\u00e9, MINEPDED, Yaound\u00e9, Cameroun<\/li>\n<li>LILA Bibriven, Universit\u00e9 de Ngaound\u00e9r\u00e9, Cameroun<\/li>\n<li>MEDIEBOU CHINJI, Universit\u00e9 de Yaound\u00e9 1<\/li>\n<li>MENA Sylv\u00e8re Marin, universit\u00e9 de Ngaound\u00e9r\u00e9, Cameroun<\/li>\n<li>PETNGA NYAMEN Simon Pierre, Universit\u00e9 de Ngaound\u00e9r\u00e9, ENS de Bertoua \u2013 Cameroun<\/li>\n<li>LATE Boniface, Institut Polytechnique de Mbouda, Cameroun<\/li>\n<li>M. YAYA MOHAMADOU, Minist\u00e8re de l\u2019Agriculture et du D\u00e9veloppement Rural, Yaound\u00e9, Cameroun.<\/li>\n<\/ul>\n<p>&nbsp;<\/p>\n<h1><a name=\"_Toc107167663\"><\/a><a name=\"_Toc103576724\"><\/a><a name=\"_Toc90978451\"><\/a><strong>Technical Organizing Committee<\/strong><\/h1>\n<h3><strong>Coordinator : <\/strong><\/h3>\n<ul>\n<li>TCHOTSOUA Michel, Responsable scientifique et p\u00e9dagogique du Master GAGER, Universit\u00e9 de Ngaound\u00e9r\u00e9.<\/li>\n<\/ul>\n<h3><strong>Web chairs of the Conference : <\/strong><\/h3>\n<ul>\n<li>Dr TALLA TANKAM Narcisse, Responsable technique et technologique de la Plateforme de formation, Universit\u00e9 de Dschang.<\/li>\n<li>Dr FENDJI Jean Louis, Adjoint au Responsable technique et technologique de la plateforme de formation, Universit\u00e9 de Ngaound\u00e9r\u00e9<\/li>\n<li>M. PENAYE Cyrille, Charg\u00e9 de l\u2019\u00e9dition et de la maintenance de la plateforme de la conf\u00e9rence<\/li>\n<\/ul>\n<h3><strong>Committee Leaders :<\/strong><\/h3>\n<p><strong><\/strong><\/p>\n<p><strong><\/strong><\/p>\n<p><strong><\/strong><\/p>\n<h5 style=\"padding-left: 40px;\"><\/h5>\n<p><strong><em>Finance<\/em><\/strong><\/p>\n<ul>\n<li>ANABA BANIMB Christian Robert,<\/li>\n<li>KOUEDJOU Idriss Landry.<\/li>\n<\/ul>\n<p><strong><em>Public relations<\/em><\/strong><\/p>\n<ul>\n<li>MOHAMADOU GUIDADO<\/li>\n<li>FOFIRI NZOSSIE Eric Joel<\/li>\n<\/ul>\n<p><strong><em>Communication<\/em><\/strong><\/p>\n<ul>\n<li>DZENE Joseph<\/li>\n<li>ETOA OYONO Georges<\/li>\n<li>GUISWE Olivier<\/li>\n<li>DJOULE Christian<\/li>\n<\/ul>\n<p><strong><em>Logistique et exposition <\/em><\/strong><\/p>\n<ul>\n<li>MENA Sylv\u00e8re Marin<\/li>\n<li>KOUEDJOU Idriss Landry<\/li>\n<li>TCHANA Gives<\/li>\n<li>NDJEUTO Innocent<\/li>\n<li>ARABO Mohamadou<\/li>\n<\/ul>\n<p><strong><em>Protocole, Securit\u00e9 et animation<\/em><\/strong><\/p>\n<ul>\n<li>AMADOU Bertrand<\/li>\n<li>ROUMGA\u00cf KADA<\/li>\n<li>ABOUBAKAR DALAILOU<\/li>\n<\/ul>\n<p><strong><em>Accueil et transport<\/em><\/strong><\/p>\n<ul>\n<li>ABDOURAMAN Halirou<\/li>\n<li>LILA Bibirvern<\/li>\n<\/ul>\n<p><strong><em>Secretariat<\/em><\/strong><\/p>\n<ul>\n<li>MOKAM David<\/li>\n<li>WOUNFA Jean Marie<\/li>\n<li>DOURKANGOU Yafet<\/li>\n<\/ul>\n<p><strong><em>Restoration<\/em><\/strong><\/p>\n<ul>\n<li>MABOULOUM Anne Marie<\/li>\n<li>Mlle HOSSOKWA Happy<\/li>\n<li>Mlle DANKA\u2019ARA Florence<\/li>\n<\/ul>\n<p>[\/et_pb_text][\/et_pb_column][\/et_pb_row][\/et_pb_section]<\/p>","protected":false},"excerpt":{"rendered":"<p>Patronage Ministre d\u2019\u00c9tat, Ministre de l\u2019Enseignement Sup\u00e9rieur. Supervision Recteur de l\u2019Universit\u00e9 de Ngaound\u00e9r\u00e9, Pr\u00e9sidente, GMES and AFRICA Program Coordinator, Co-Pr\u00e9sident, Doyen de la Facult\u00e9 des Arts, Lettres et Sciences Humaines, Membre, Vice-Doyen en charge de la Recherche et de la Coop\u00e9ration de la Facult\u00e9 des Arts, Lettres et Sciences Humaines, Membre Comit\u00e9 scientifique Le comit\u00e9 [&hellip;]<\/p>","protected":false},"author":1,"featured_media":0,"parent":0,"menu_order":0,"comment_status":"closed","ping_status":"closed","template":"","meta":{"_et_pb_use_builder":"on","_et_pb_old_content":"","_et_gb_content_width":""},"_links":{"self":[{"href":"https:\/\/acager.org\/en\/wp-json\/wp\/v2\/pages\/1950"}],"collection":[{"href":"https:\/\/acager.org\/en\/wp-json\/wp\/v2\/pages"}],"about":[{"href":"https:\/\/acager.org\/en\/wp-json\/wp\/v2\/types\/page"}],"author":[{"embeddable":true,"href":"https:\/\/acager.org\/en\/wp-json\/wp\/v2\/users\/1"}],"replies":[{"embeddable":true,"href":"https:\/\/acager.org\/en\/wp-json\/wp\/v2\/comments?post=1950"}],"version-history":[{"count":20,"href":"https:\/\/acager.org\/en\/wp-json\/wp\/v2\/pages\/1950\/revisions"}],"predecessor-version":[{"id":2257,"href":"https:\/\/acager.org\/en\/wp-json\/wp\/v2\/pages\/1950\/revisions\/2257"}],"wp:attachment":[{"href":"https:\/\/acager.org\/en\/wp-json\/wp\/v2\/media?parent=1950"}],"curies":[{"name":"wp","href":"https:\/\/api.w.org\/{rel}","templated":true}]}}