{"id":21,"date":"2017-02-21T11:05:08","date_gmt":"2017-02-21T10:05:08","guid":{"rendered":"http:\/\/acager.org\/\/?page_id=21"},"modified":"2017-05-27T16:00:45","modified_gmt":"2017-05-27T15:00:45","slug":"ressources","status":"publish","type":"page","link":"https:\/\/acager.org\/en\/ressources\/","title":{"rendered":"Resources"},"content":{"rendered":"<p>[vc_row][vc_column][vc_column_text]<\/p>\n<h4>Ressources\u00a0humaines<\/h4>\n<p>[\/vc_column_text][\/vc_column][\/vc_row][vc_row][vc_column width=\u00a0\u00bb1\/4&Prime;][vc_single_image image=\u00a0\u00bb699&Prime; img_size=\u00a0\u00bbfull\u00a0\u00bb style=\u00a0\u00bbvc_box_rounded\u00a0\u00bb onclick=\u00a0\u00bbimg_link_large\u00a0\u00bb][\/vc_column][vc_column width=\u00a0\u00bb3\/4&Prime;][vc_column_text]<\/p>\n<p style=\"text-align: justify;\"><strong>M. Michel TCHOTSOUA<\/strong><br \/>\n<em style=\"margin-bottom: 2px;\">President of ACAGER<\/em><br \/>\nUniversity Professor, qualified to direct research in Geography \/ Geomatics by the University of Orleans, Knight of the Order of Merit Cameroon, in addition to my duties as President of ACAGER, I am the Director of the Laboratory of Geomatics and Coordinator of the Master II Professional 'Geomatics, Development and Resource Management' in Open and Distance Learning (Master FOAD-GAGER) in the Department of Geography of the University of Ngaoundere. Integrating geomatics into the management of decentralized local communities is my main current concern.<\/p>\n<p>[\/vc_column_text][\/vc_column][\/vc_row][vc_row][vc_column width=\u00a0\u00bb1\/4&Prime;][vc_single_image image=\u00a0\u00bb803&Prime; img_size=\u00a0\u00bbfull\u00a0\u00bb style=\u00a0\u00bbvc_box_rounded\u00a0\u00bb][\/vc_column][vc_column width=\u00a0\u00bb3\/4&Prime;][vc_column_text]<\/p>\n<p style=\"text-align: justify;\"><strong>M.\u00a0TALLA TANKAM Narcisse<\/strong><br \/>\n<em style=\"margin-bottom: 2px;\">Lecturer<\/em><br \/>\nHolder of a Doctorate \/ Ph.D in Computer Science from the University of Yaounde 1 (Cameroon) and a PhD in Instrumentation and Computer Graphics from the University of Burgundy (France), I have a great professional experience in statistical analysis and data interpretation. I have proven capabilities in digital image processing, information systems modeling and application development.<\/p>\n<p>[\/vc_column_text][\/vc_column][\/vc_row][vc_row][vc_column width=\u00a0\u00bb1\/4&Prime;][vc_single_image image=\u00a0\u00bb888&Prime; img_size=\u00a0\u00bbfull\u00a0\u00bb style=\u00a0\u00bbvc_box_rounded\u00a0\u00bb][\/vc_column][vc_column width=\u00a0\u00bb3\/4&Prime;][vc_column_text]<\/p>\n<p style=\"text-align: justify;\"><strong>M.\u00a0AOUDOU DOUA Sylvain<\/strong><br \/>\n<em style=\"margin-bottom: 2px;\">Lecturer<\/em><br \/>\nVery attentive, available, with good analytical and persuasive skills. I have a good knowledge of Sahelo-Sudano-Guinean regions in Central Africa. I use many tools for environmental data processing and Geomatics (GIS and Remote Sensing).<\/p>\n<p>[\/vc_column_text][\/vc_column][\/vc_row][vc_row][vc_column width=\u00a0\u00bb1\/4&Prime;][vc_single_image image=\u00a0\u00bb670&Prime; img_size=\u00a0\u00bbfull\u00a0\u00bb style=\u00a0\u00bbvc_box_rounded\u00a0\u00bb][\/vc_column][vc_column width=\u00a0\u00bb3\/4&Prime;][vc_column_text]<\/p>\n<p style=\"text-align: justify;\"><strong>M.\u00a0MOHAMADOU ARABO<\/strong><br \/>\n<em style=\"margin-bottom: 2px;\">Expert in Management and Planning<\/em><br \/>\nHolder of a Master's degree in Science and Management Technology, I have a great ability to listen and negotiate with partners and collaborators sometimes with divergent considerations. I am from Ngaoundere and speak perfect local languages \u200b\u200bincluding Fufulde and Mboum.<\/p>\n<p>[\/vc_column_text][\/vc_column][\/vc_row][vc_row][vc_column width=\u00a0\u00bb1\/4&Prime;][vc_single_image image=\u00a0\u00bb671&Prime; img_size=\u00a0\u00bbfull\u00a0\u00bb style=\u00a0\u00bbvc_box_rounded\u00a0\u00bb][\/vc_column][vc_column width=\u00a0\u00bb3\/4&Prime;][vc_column_text]<\/p>\n<p style=\"text-align: justify;\"><strong>Mme\u00a0NENOUH FOPA Naderges<\/strong><br \/>\n<em style=\"margin-bottom: 2px;\">Team leader<\/em><br \/>\nGraduate of the Higher Institute of Sahel from the University of Maroua in Cameroon, in social sciences for development, my main areas of expertise are :<strong>Management;<\/strong><strong>Planning;<\/strong><strong>Governance and Decentralization;<\/strong><strong>Human Rights and Civil Liberties.<\/strong><\/p>\n<p>[\/vc_column_text][\/vc_column][\/vc_row][vc_row][vc_column width=\u00a0\u00bb1\/4&Prime;][vc_single_image image=\u00a0\u00bb894&Prime; img_size=\u00a0\u00bbfull\u00a0\u00bb style=\u00a0\u00bbvc_box_rounded\u00a0\u00bb][\/vc_column][vc_column width=\u00a0\u00bb3\/4&Prime;][vc_column_text]<\/p>\n<p style=\"text-align: justify;\"><strong>M.\u00a0NDJEUTO TCHOULI Prosper Innocent<\/strong><br \/>\n<em style=\"margin-bottom: 2px;\">Expert in Geomatics \/ Environment<\/em><br \/>\nHolder of a Master's degree in Geography \/ Physics option 'Animal Health', I have expertise in computer-assisted cartography, editing and exploitation of GIS databases via spatial and diachronic statistical analyzes.<\/p>\n<p>[\/vc_column_text][\/vc_column][\/vc_row][vc_row][vc_column width=\u00a0\u00bb1\/4&Prime;][vc_single_image image=\u00a0\u00bb890&Prime; img_size=\u00a0\u00bbfull\u00a0\u00bb style=\u00a0\u00bbvc_box_rounded\u00a0\u00bb][\/vc_column][vc_column width=\u00a0\u00bb3\/4&Prime;][vc_column_text]<\/p>\n<p style=\"text-align: justify;\"><strong>M. BATCHANOU KAMTCHOUM P\u00e9guy<\/strong><br \/>\n<em style=\"margin-bottom: 2px;\">Expert in Geomatics and Planning<\/em><br \/>\nMy specialization disciplines are: Geomatics, Geography-Environment and Planning. I have skills in GIS project management, photo-interpretation, spatial analysis, environmental impact study, animation and monitoring of local development projects.<\/p>\n<p>[\/vc_column_text][\/vc_column][\/vc_row][vc_row][vc_column width=\u00a0\u00bb1\/4&Prime;][vc_single_image image=\u00a0\u00bb891&Prime; img_size=\u00a0\u00bbfull\u00a0\u00bb style=\u00a0\u00bbvc_box_rounded\u00a0\u00bb][\/vc_column][vc_column width=\u00a0\u00bb3\/4&Prime;][vc_column_text]<\/p>\n<p style=\"text-align: justify;\"><strong>M. DANGWA<\/strong><br \/>\n<em style=\"margin-bottom: 2px;\">Expert in Descriptive Statistics<\/em><br \/>\nHolder of a Doctorate Ph.D in Management Sciences option 'Marketing', I have a great professional experience in statistical analysis and data interpretation.<\/p>\n<p>[\/vc_column_text][\/vc_column][\/vc_row][vc_row][vc_column][vc_column_text]<\/p>\n<h4>Ressources\u00a0mat\u00e9rielles<\/h4>\n<p>[\/vc_column_text][vc_column_text]<strong>Location map of ACAGER<\/strong><\/p>\n<p><img loading=\"lazy\" class=\"alignnone size-medium wp-image-669\" src=\"http:\/\/acager.org\/wp-content\/uploads\/2017\/04\/planlocal-204x300.jpg\" alt=\"\" width=\"204\" height=\"300\" srcset=\"https:\/\/acager.org\/wp-content\/uploads\/2017\/04\/planlocal-204x300.jpg 204w, https:\/\/acager.org\/wp-content\/uploads\/2017\/04\/planlocal.jpg 414w\" sizes=\"(max-width: 204px) 100vw, 204px\" \/><\/p>\n<p><strong style=\"margin-bottom: 0px;\">Logistical capacities of the ACAGER design office<\/strong><\/p>\n<p style=\"text-align: justify; margin-bottom: 0px;\">The association has the following logistic means to accomplish its missions:<\/p>\n<ul>\n<li>01 vehicle 4 X 4 Toyota 4 Runner<\/li>\n<li>01 vehicle 4 X 4 Toyota Hilux<\/li>\n<li>12 GPS Garmin<\/li>\n<li>07 laptops (HP et Dell)<\/li>\n<li>05 desktops (hp)<\/li>\n<li>01 Copier (Canon)<\/li>\n<li>01 printer A0 (hp and Canon)<\/li>\n<li>01 Scanner A3 (hp)<\/li>\n<li>04 digital cameras<\/li>\n<\/ul>\n\n\t\t<style type=\"text\/css\">\n\t\t\t#gallery-1 {\n\t\t\t\tmargin: auto;\n\t\t\t}\n\t\t\t#gallery-1 .gallery-item {\n\t\t\t\tfloat: left;\n\t\t\t\tmargin-top: 10px;\n\t\t\t\ttext-align: center;\n\t\t\t\twidth: 33%;\n\t\t\t}\n\t\t\t#gallery-1 img {\n\t\t\t\tborder: 2px solid #cfcfcf;\n\t\t\t}\n\t\t\t#gallery-1 .gallery-caption {\n\t\t\t\tmargin-left: 0;\n\t\t\t}\n\t\t\t\/* see gallery_shortcode() in wp-includes\/media.php *\/\n\t\t<\/style>\n\t\t<div id='gallery-1' class='gallery galleryid-21 gallery-columns-3 gallery-size-thumbnail'><dl class='gallery-item'>\n\t\t\t<dt class='gallery-icon landscape'>\n\t\t\t\t<a href='https:\/\/acager.org\/en\/acager_ensblestructure\/'><img width=\"146\" height=\"124\" src=\"https:\/\/acager.org\/wp-content\/uploads\/2017\/04\/acager_ensblestructure.jpg\" class=\"attachment-thumbnail size-thumbnail\" alt=\"\" loading=\"lazy\" aria-describedby=\"gallery-1-677\" \/><\/a>\n\t\t\t<\/dt>\n\t\t\t\t<dd class='wp-caption-text gallery-caption' id='gallery-1-677'>\n\t\t\t\tOverview of the structures\n\t\t\t\t<\/dd><\/dl><dl class='gallery-item'>\n\t\t\t<dt class='gallery-icon landscape'>\n\t\t\t\t<a href='https:\/\/acager.org\/en\/acager_vehicule\/'><img width=\"150\" height=\"125\" src=\"https:\/\/acager.org\/wp-content\/uploads\/2017\/04\/acager_vehicule-150x125.jpg\" class=\"attachment-thumbnail size-thumbnail\" alt=\"\" loading=\"lazy\" aria-describedby=\"gallery-1-676\" \/><\/a>\n\t\t\t<\/dt>\n\t\t\t\t<dd class='wp-caption-text gallery-caption' id='gallery-1-676'>\n\t\t\t\t4 X 4 Toyota vehicle\n\t\t\t\t<\/dd><\/dl><dl class='gallery-item'>\n\t\t\t<dt class='gallery-icon landscape'>\n\t\t\t\t<a href='https:\/\/acager.org\/en\/acager_salleformation\/'><img width=\"150\" height=\"123\" src=\"https:\/\/acager.org\/wp-content\/uploads\/2017\/04\/acager_salleformation-150x123.jpg\" class=\"attachment-thumbnail size-thumbnail\" alt=\"\" loading=\"lazy\" aria-describedby=\"gallery-1-674\" \/><\/a>\n\t\t\t<\/dt>\n\t\t\t\t<dd class='wp-caption-text gallery-caption' id='gallery-1-674'>\n\t\t\t\tTraining room\n\t\t\t\t<\/dd><\/dl><br style=\"clear: both\" \/><dl class='gallery-item'>\n\t\t\t<dt class='gallery-icon landscape'>\n\t\t\t\t<a href='https:\/\/acager.org\/en\/acager_ordi2\/'><img width=\"150\" height=\"140\" src=\"https:\/\/acager.org\/wp-content\/uploads\/2017\/04\/acager_ordi2-150x140.jpg\" class=\"attachment-thumbnail size-thumbnail\" alt=\"\" loading=\"lazy\" aria-describedby=\"gallery-1-673\" \/><\/a>\n\t\t\t<\/dt>\n\t\t\t\t<dd class='wp-caption-text gallery-caption' id='gallery-1-673'>\n\t\t\t\tDesktop\n\t\t\t\t<\/dd><\/dl><dl class='gallery-item'>\n\t\t\t<dt class='gallery-icon landscape'>\n\t\t\t\t<a href='https:\/\/acager.org\/en\/acager_ordi1\/'><img width=\"150\" height=\"140\" src=\"https:\/\/acager.org\/wp-content\/uploads\/2017\/04\/acager_ordi1-150x140.jpg\" class=\"attachment-thumbnail size-thumbnail\" alt=\"\" loading=\"lazy\" aria-describedby=\"gallery-1-678\" \/><\/a>\n\t\t\t<\/dt>\n\t\t\t\t<dd class='wp-caption-text gallery-caption' id='gallery-1-678'>\n\t\t\t\tSpecial cell for data processing and restitution\n\t\t\t\t<\/dd><\/dl><dl class='gallery-item'>\n\t\t\t<dt class='gallery-icon landscape'>\n\t\t\t\t<a href='https:\/\/acager.org\/en\/acager_sallereunion\/'><img width=\"150\" height=\"127\" src=\"https:\/\/acager.org\/wp-content\/uploads\/2017\/04\/acager_sallereunion-150x127.jpg\" class=\"attachment-thumbnail size-thumbnail\" alt=\"\" loading=\"lazy\" aria-describedby=\"gallery-1-675\" \/><\/a>\n\t\t\t<\/dt>\n\t\t\t\t<dd class='wp-caption-text gallery-caption' id='gallery-1-675'>\n\t\t\t\tMeeting room\n\t\t\t\t<\/dd><\/dl><br style=\"clear: both\" \/><dl class='gallery-item'>\n\t\t\t<dt class='gallery-icon landscape'>\n\t\t\t\t<a href='https:\/\/acager.org\/en\/ressources\/acager_gps\/'><img width=\"150\" height=\"150\" src=\"https:\/\/acager.org\/wp-content\/uploads\/2017\/02\/acager_gps-150x150.jpg\" class=\"attachment-thumbnail size-thumbnail\" alt=\"\" loading=\"lazy\" aria-describedby=\"gallery-1-688\" \/><\/a>\n\t\t\t<\/dt>\n\t\t\t\t<dd class='wp-caption-text gallery-caption' id='gallery-1-688'>\n\t\t\t\tType of GPS available to ACAGER\n\t\t\t\t<\/dd><\/dl>\n\t\t\t<br style='clear: both' \/>\n\t\t<\/div>\n\n<p>[\/vc_column_text][\/vc_column][\/vc_row][vc_row][vc_column][\/vc_column][\/vc_row]<\/p>","protected":false},"excerpt":{"rendered":"<p>[vc_row][vc_column][vc_column_text] Ressources\u00a0humaines [\/vc_column_text][\/vc_column][\/vc_row][vc_row][vc_column width=\u00a0\u00bb1\/4&Prime;][vc_single_image image=\u00a0\u00bb699&Prime; img_size=\u00a0\u00bbfull\u00a0\u00bb style=\u00a0\u00bbvc_box_rounded\u00a0\u00bb onclick=\u00a0\u00bbimg_link_large\u00a0\u00bb][\/vc_column][vc_column width=\u00a0\u00bb3\/4&Prime;][vc_column_text] M. Michel TCHOTSOUA Pr\u00e9sident de l&rsquo;ACAGER Professeur Titulaire des Universit\u00e9s, habilit\u00e9 \u00e0 diriger des recherches en G\u00e9ographie \/ G\u00e9omatique par l\u2019Universit\u00e9 d\u2019Orl\u00e9ans, Chevalier de l\u2019Ordre du M\u00e9rite Camerounais, outre mes fonctions du\u00a0Pr\u00e9sident de l\u2019ACAGER,\u00a0je suis le Directeur\u00a0du Laboratoire de G\u00e9omatique et coordonnateur du Master II Professionnel [&hellip;]<\/p>","protected":false},"author":1,"featured_media":0,"parent":0,"menu_order":0,"comment_status":"closed","ping_status":"closed","template":"","meta":{"_et_pb_use_builder":"","_et_pb_old_content":"","_et_gb_content_width":""},"_links":{"self":[{"href":"https:\/\/acager.org\/en\/wp-json\/wp\/v2\/pages\/21"}],"collection":[{"href":"https:\/\/acager.org\/en\/wp-json\/wp\/v2\/pages"}],"about":[{"href":"https:\/\/acager.org\/en\/wp-json\/wp\/v2\/types\/page"}],"author":[{"embeddable":true,"href":"https:\/\/acager.org\/en\/wp-json\/wp\/v2\/users\/1"}],"replies":[{"embeddable":true,"href":"https:\/\/acager.org\/en\/wp-json\/wp\/v2\/comments?post=21"}],"version-history":[{"count":39,"href":"https:\/\/acager.org\/en\/wp-json\/wp\/v2\/pages\/21\/revisions"}],"predecessor-version":[{"id":895,"href":"https:\/\/acager.org\/en\/wp-json\/wp\/v2\/pages\/21\/revisions\/895"}],"wp:attachment":[{"href":"https:\/\/acager.org\/en\/wp-json\/wp\/v2\/media?parent=21"}],"curies":[{"name":"wp","href":"https:\/\/api.w.org\/{rel}","templated":true}]}}