{"id":2340,"date":"2022-12-05T17:24:08","date_gmt":"2022-12-05T16:24:08","guid":{"rendered":"https:\/\/acager.org\/?page_id=2340"},"modified":"2022-12-06T18:37:26","modified_gmt":"2022-12-06T17:37:26","slug":"rigager-contenu-du-dixieme-numero-volume-2-decembre-2022","status":"publish","type":"page","link":"https:\/\/acager.org\/en\/rigager-contenu-du-dixieme-numero-volume-2-decembre-2022\/","title":{"rendered":"RIGAGER : Contenu du dixi\u00e8me num\u00e9ro Volume 2 &#8211; D\u00e9cembre 2022"},"content":{"rendered":"<p><strong>OLAJIDE KUFONIYI.<\/strong> D\u00e9velopper les capacit\u00e9s scientifiques et technologiques g\u00e9ospatiales pour le d\u00e9veloppement durable en Afrique.<\/p>\r\n\r\n\r\n\r\n<p><strong>HALIMASSIA EMINA, KOSSOUMNA LIBA\u2019A Natali, GANOTA Boniface, BASKA TOUSSIA Daniel Val\u00e9rie, DJIBRILLA Paul, DZEUFACK DJOUMESSI Ga\u00ebtan Arthur.<\/strong> Apport des SIG \u00e0 la caract\u00e9risation des param\u00e8tres physiographiques de contr\u00f4le de l\u2019\u00e9coulement de surface dans trois sous-bassins versants des Monts Mandara (Extr\u00eame-Nord Cameroun).<\/p>\r\n\r\n\r\n\r\n<p><strong>TCHOTSOUA Michel, TALLA TANKAM Narcisse, FENDJI EBONGUE Jean Louis.<\/strong> Formation ouverte et \u00e0 distance en Afrique Sub-saharienne : cas du Master GAGER de l\u2019Universit\u00e9 de Ngaound\u00e9r\u00e9.<\/p>\r\n\r\n\r\n\r\n<p><strong>NDZIFON KIMENGSI Jude.<\/strong> Naviguer en eaux troubles ? Perspectives sur l\u2019endog\u00e9n\u00e9it\u00e9 des connaissances et des pratiques de gestion des ressources naturelles bas\u00e9es sur les TIC en Afrique subsaharienne.<\/p>\r\n\r\n\r\n\r\n<p><strong>OUAZIZ ALI.<\/strong> Intelligence territoriale (I.T) et ville de demain : Emergence d\u2019un mod\u00e8le alternatif de ville intelligente, partage des informations et des indicateurs de performances.<\/p>\r\n\r\n\r\n\r\n<p><strong>MUBI Aishatu Mohammed.<\/strong> Formation \u00e0 distance et enseignement sup\u00e9rieur au Nig\u00e9ria : tendances et d\u00e9fis.<\/p>\r\n\r\n\r\n\r\n<p><strong>DIALLO ABDOURAHMANE DALY.<\/strong> \u00c9laboration de g\u00e9oportail pour une am\u00e9lioration de la diffusion de l\u2019information d\u2019un projet de d\u00e9veloppement, cas du projet aGRIfarm haute et moyenne Guin\u00e9e.<\/p>\r\n\r\n\r\n\r\n<p><strong>SINON Kass\u00e9r\u00e9, NDJEUTO TCHOULI Prosper Innocent, TCHOTSOUA Michel.<\/strong> Int\u00e9gration de l\u2019outil cartographique \u00e0 la gestion des recettes communales d\u2019Ago\u00e8-Nyiv\u00e9 1 au Sud du Togo.<\/p>\r\n\r\n\r\n\r\n<p><strong>FOTSING Janvier, TALLA TANKAM Narcisse, MBADJOIN NJINGANG Theodore.<\/strong> Tuteur intelligent d\u2019aide \u00e0 l\u2019apprentissage mobile pour la continuit\u00e9 p\u00e9dagogique en p\u00e9riode de COVID\u201919. Cas de l\u2019apprentissage de la langue anglaise.<\/p>\r\n\r\n\r\n\r\n<p><strong>MENGUE Mich\u00e8le Odile, TALLA TANKAM Narcisse, ETOUNA Joachim, WADOUFEY Abdel, FOFIRI NZOSSIE \u00c9ric Jo\u00ebl.<\/strong> Conception d\u2019un Tableau de Bord G\u00e9ographique pour la surveillance administrative des Plans de Gestion Environnementale et Sociale au MINEPDED: Cas pilote de la R\u00e9gion de l\u2019Est au Cameroun.<\/p>","protected":false},"excerpt":{"rendered":"<p>OLAJIDE KUFONIYI. D\u00e9velopper les capacit\u00e9s scientifiques et technologiques g\u00e9ospatiales pour le d\u00e9veloppement durable en Afrique. HALIMASSIA EMINA, KOSSOUMNA LIBA\u2019A Natali, GANOTA Boniface, BASKA TOUSSIA Daniel Val\u00e9rie, DJIBRILLA Paul, DZEUFACK DJOUMESSI Ga\u00ebtan Arthur. Apport des SIG \u00e0 la caract\u00e9risation des param\u00e8tres physiographiques de contr\u00f4le de l\u2019\u00e9coulement de surface dans trois sous-bassins versants des Monts Mandara (Extr\u00eame-Nord [&hellip;]<\/p>","protected":false},"author":1,"featured_media":0,"parent":0,"menu_order":0,"comment_status":"closed","ping_status":"closed","template":"","meta":{"_et_pb_use_builder":"","_et_pb_old_content":"","_et_gb_content_width":""},"_links":{"self":[{"href":"https:\/\/acager.org\/en\/wp-json\/wp\/v2\/pages\/2340"}],"collection":[{"href":"https:\/\/acager.org\/en\/wp-json\/wp\/v2\/pages"}],"about":[{"href":"https:\/\/acager.org\/en\/wp-json\/wp\/v2\/types\/page"}],"author":[{"embeddable":true,"href":"https:\/\/acager.org\/en\/wp-json\/wp\/v2\/users\/1"}],"replies":[{"embeddable":true,"href":"https:\/\/acager.org\/en\/wp-json\/wp\/v2\/comments?post=2340"}],"version-history":[{"count":7,"href":"https:\/\/acager.org\/en\/wp-json\/wp\/v2\/pages\/2340\/revisions"}],"predecessor-version":[{"id":2352,"href":"https:\/\/acager.org\/en\/wp-json\/wp\/v2\/pages\/2340\/revisions\/2352"}],"wp:attachment":[{"href":"https:\/\/acager.org\/en\/wp-json\/wp\/v2\/media?parent=2340"}],"curies":[{"name":"wp","href":"https:\/\/api.w.org\/{rel}","templated":true}]}}